{"id":3320,"date":"2019-09-25T23:31:41","date_gmt":"2019-09-25T23:31:41","guid":{"rendered":"https:\/\/Hochzeit.marjenau.de\/?page_id=3320"},"modified":"2019-09-26T23:22:46","modified_gmt":"2019-09-26T23:22:46","slug":"junggesellenabschied","status":"publish","type":"page","link":"https:\/\/Hochzeit.marjenau.de\/index.php\/sonstiges\/junggesellenabschied\/","title":{"rendered":"Junggesellenabschied"},"content":{"rendered":"<blockquote>\n<p style=\"text-align: center;\">Danke Jungs, dass ich mich nicht zum L\u00f6ffel machen musste!<\/p>\n<\/blockquote>\n<p style=\"text-align: center;\"><img loading=\"lazy\" decoding=\"async\" class=\"alignnone size-full wp-image-3321\" src=\"https:\/\/Hochzeit.marjenau.de\/wp-content\/uploads\/2019\/09\/P-junggesellenabschied.jpg\" alt=\"\" width=\"1024\" height=\"576\" srcset=\"https:\/\/Hochzeit.marjenau.de\/wp-content\/uploads\/2019\/09\/P-junggesellenabschied.jpg 1024w, https:\/\/Hochzeit.marjenau.de\/wp-content\/uploads\/2019\/09\/P-junggesellenabschied-300x169.jpg 300w, https:\/\/Hochzeit.marjenau.de\/wp-content\/uploads\/2019\/09\/P-junggesellenabschied-768x432.jpg 768w, https:\/\/Hochzeit.marjenau.de\/wp-content\/uploads\/2019\/09\/P-junggesellenabschied-200x113.jpg 200w, https:\/\/Hochzeit.marjenau.de\/wp-content\/uploads\/2019\/09\/P-junggesellenabschied-900x506.jpg 900w\" sizes=\"auto, (max-width: 1024px) 100vw, 1024px\" \/><\/p>\n<p style=\"text-align: center;\"><span style=\"color: #800000;\"><span style=\"font-family: Handlee; font-size: 14pt;\">Stolze Sch\u00fctzen! Leider fehlt Hans auf dem Foto. Er hat es gemacht<\/span>. \ud83d\ude42<\/span><\/p>\n<p style=\"text-align: center;\"><span style=\"font-family: Handlee; font-size: 14pt;\"><img loading=\"lazy\" decoding=\"async\" class=\"alignnone size-full wp-image-3322\" src=\"https:\/\/Hochzeit.marjenau.de\/wp-content\/uploads\/2019\/09\/Pr\u00e4sente-vom-Junggesellenabschied.jpg\" alt=\"\" width=\"4128\" height=\"2322\" srcset=\"https:\/\/Hochzeit.marjenau.de\/wp-content\/uploads\/2019\/09\/Pr\u00e4sente-vom-Junggesellenabschied.jpg 4128w, https:\/\/Hochzeit.marjenau.de\/wp-content\/uploads\/2019\/09\/Pr\u00e4sente-vom-Junggesellenabschied-300x169.jpg 300w, https:\/\/Hochzeit.marjenau.de\/wp-content\/uploads\/2019\/09\/Pr\u00e4sente-vom-Junggesellenabschied-768x432.jpg 768w, https:\/\/Hochzeit.marjenau.de\/wp-content\/uploads\/2019\/09\/Pr\u00e4sente-vom-Junggesellenabschied-1024x576.jpg 1024w, https:\/\/Hochzeit.marjenau.de\/wp-content\/uploads\/2019\/09\/Pr\u00e4sente-vom-Junggesellenabschied-200x113.jpg 200w, https:\/\/Hochzeit.marjenau.de\/wp-content\/uploads\/2019\/09\/Pr\u00e4sente-vom-Junggesellenabschied-900x506.jpg 900w, https:\/\/Hochzeit.marjenau.de\/wp-content\/uploads\/2019\/09\/Pr\u00e4sente-vom-Junggesellenabschied-1600x900.jpg 1600w\" sizes=\"auto, (max-width: 4128px) 100vw, 4128px\" \/><\/span><\/p>\n<p style=\"text-align: center;\"><span style=\"font-family: Handlee; font-size: 14pt; color: #800000;\">Diese tollen Pr\u00e4sente haben wir f\u00fcr die Braut geschossen! <\/span><\/p>\n<p style=\"text-align: center;\"><span style=\"font-family: Handlee; font-size: 14pt; color: #800000;\">M\u00e4nner auf der Jagd halt&#8230;<br \/>\n<\/span><\/p>\n<p style=\"text-align: center;\"><span style=\"font-family: Handlee; font-size: 14pt; color: #800000;\">\u00dcbrigens hatte ich zum ersten Mal in 12 Jahren meinen Haust\u00fcrschl\u00fcssel vergessen und musste Bine nachts aus dem Bett klingeln&#8230;<\/span><br \/>\n<span style=\"color: #800000;\">&nbsp;<\/span><\/p>\n","protected":false},"excerpt":{"rendered":"<p>Danke Jungs, dass ich mich nicht zum L\u00f6ffel machen musste! Stolze Sch\u00fctzen! Leider fehlt Hans auf dem Foto. Er hat es gemacht. \ud83d\ude42 Diese tollen Pr\u00e4sente haben wir f\u00fcr die Braut geschossen! M\u00e4nner auf der Jagd halt&#8230; \u00dcbrigens hatte ich zum ersten Mal in 12 Jahren meinen Haust\u00fcrschl\u00fcssel vergessen und musste Bine nachts aus dem&hellip;<\/p>\n","protected":false},"author":1,"featured_media":0,"parent":2036,"menu_order":0,"comment_status":"closed","ping_status":"closed","template":"","meta":{"footnotes":""},"class_list":["post-3320","page","type-page","status-publish","hentry"],"_links":{"self":[{"href":"https:\/\/Hochzeit.marjenau.de\/index.php\/wp-json\/wp\/v2\/pages\/3320","targetHints":{"allow":["GET"]}}],"collection":[{"href":"https:\/\/Hochzeit.marjenau.de\/index.php\/wp-json\/wp\/v2\/pages"}],"about":[{"href":"https:\/\/Hochzeit.marjenau.de\/index.php\/wp-json\/wp\/v2\/types\/page"}],"author":[{"embeddable":true,"href":"https:\/\/Hochzeit.marjenau.de\/index.php\/wp-json\/wp\/v2\/users\/1"}],"replies":[{"embeddable":true,"href":"https:\/\/Hochzeit.marjenau.de\/index.php\/wp-json\/wp\/v2\/comments?post=3320"}],"version-history":[{"count":1,"href":"https:\/\/Hochzeit.marjenau.de\/index.php\/wp-json\/wp\/v2\/pages\/3320\/revisions"}],"predecessor-version":[{"id":3323,"href":"https:\/\/Hochzeit.marjenau.de\/index.php\/wp-json\/wp\/v2\/pages\/3320\/revisions\/3323"}],"up":[{"embeddable":true,"href":"https:\/\/Hochzeit.marjenau.de\/index.php\/wp-json\/wp\/v2\/pages\/2036"}],"wp:attachment":[{"href":"https:\/\/Hochzeit.marjenau.de\/index.php\/wp-json\/wp\/v2\/media?parent=3320"}],"curies":[{"name":"wp","href":"https:\/\/api.w.org\/{rel}","templated":true}]}}