{"id":3,"date":"2019-09-19T18:27:06","date_gmt":"2019-09-19T18:27:06","guid":{"rendered":"https:\/\/Hochzeit.marjenau.de\/?page_id=3"},"modified":"2019-09-26T00:02:00","modified_gmt":"2019-09-26T00:02:00","slug":"privacy-policy","status":"publish","type":"page","link":"https:\/\/Hochzeit.marjenau.de\/index.php\/privacy-policy\/","title":{"rendered":"Datenschutzerkl\u00e4rung"},"content":{"rendered":"<p><span style=\"font-family: Handlee;\">WER WIR SIND<\/span><\/p>\n<p><span style=\"font-family: Handlee;\">Unsere Website-Adresse lautet: https:\/\/hochzeit.marjenau.de.<\/span><\/p>\n<p><span style=\"font-family: Handlee;\">WELCHE PERSONENBEZOGENEN DATEN&nbsp; ERHEBEN WIR UND WARUM WIR SIE ERHEBEN<\/span><\/p>\n<p><span style=\"font-family: Handlee;\">Kommentare<\/span><\/p>\n<p><span style=\"font-family: Handlee;\">Wenn Besucher Kommentare auf der Website hinterlassen, sammeln wir die im Kommentarformular angezeigten Daten, sowie die IP-Adresse des Besuchers und den User-Agent-Wert des Browsers, um die Spam-Erkennung zu unterst\u00fctzen.<\/span><\/p>\n<p><span style=\"font-family: Handlee;\">Eine anonymisierte Zeichenkette, die aus Ihrer E-Mail-Adresse erstellt wurde (auch Hash genannt), kann dem Gravatar-Dienst zur Verf\u00fcgung gestellt werden, um zu sehen, ob Sie sie verwenden. Die Datenschutzerkl\u00e4rung des Gravatar-Service finden Sie hier: <a href=\"https:\/\/automattic.com\/privacy\/\">https:\/\/automattic.com\/privacy\/<\/a>. Nach der Freigabe Ihres Kommentars ist Ihr Profilbild im Rahmen Ihres Kommentars f\u00fcr die \u00d6ffentlichkeit sichtbar.<\/span><\/p>\n<p><span style=\"font-family: Handlee;\">Kontaktformulare<\/span><br \/>\n<span style=\"font-family: Handlee;\">Cookies<\/span><\/p>\n<p><span style=\"font-family: Handlee;\">Wenn Sie einen Kommentar auf unserer Website hinterlassen, k\u00f6nnen Sie sich daf\u00fcr entscheiden, Ihren Namen, Ihre E-Mail-Adresse und Ihre Website in Cookies zu speichern. Diese dienen Ihrer Bequemlichkeit, so dass Sie Ihre Daten nicht erneut eingeben m\u00fcssen, wenn Sie einen anderen Kommentar abgeben. Diese Cookies halten ein Jahr lang.<\/span><\/p>\n<p>&nbsp;<\/p>\n<p><span style=\"font-family: Handlee;\">Eingebettete Inhalte von anderen Websites<\/span><\/p>\n<p><span style=\"font-family: Handlee;\">Artikel auf dieser Website k\u00f6nnen eingebettete Inhalte enthalten (z.B. Videos, Bilder, Artikel, etc.). Eingebettete Inhalte von anderen Websites verhalten sich genau so, als h\u00e4tte der Besucher die andere Website besucht.<\/span><\/p>\n<p><span style=\"font-family: Handlee;\">Diese Websites k\u00f6nnen Daten \u00fcber Sie sammeln, Cookies verwenden, zus\u00e4tzliche Verfolgung durch Dritte einbetten und Ihre Interaktion mit diesem eingebetteten Inhalt \u00fcberwachen, einschlie\u00dflich der Verfolgung Ihrer Interaktion mit dem eingebetteten Inhalt, wenn Sie ein Konto haben und auf dieser Website angemeldet sind.<\/span><\/p>\n<p><span style=\"font-family: Handlee;\">Analytik<\/span><br \/>\n<span style=\"font-family: Handlee;\">AN WEN WIR IHRE DATEN WEITERGEBEN<\/span><br \/>\n<span style=\"font-family: Handlee;\">WIE LANGE WIR IHRE DATEN SPEICHERN<\/span><\/p>\n<p><span style=\"font-family: Handlee;\">Wenn Sie einen Kommentar hinterlassen, bleiben der Kommentar und seine Metadaten auf unbestimmte Zeit erhalten. Auf diese Weise k\u00f6nnen wir alle Folgekommentare automatisch erkennen und genehmigen, anstatt sie in einer Moderationswarteschlange zu halten.<\/span><\/p>\n<p><span style=\"font-family: Handlee;\">F\u00fcr Benutzer, die sich auf unserer Website registrieren (falls vorhanden), speichern wir auch die von ihnen angegebenen personenbezogenen Daten in ihrem Benutzerprofil. Alle Benutzer k\u00f6nnen ihre personenbezogenen Daten jederzeit einsehen, bearbeiten oder l\u00f6schen (au\u00dfer sie k\u00f6nnen ihren Benutzernamen nicht \u00e4ndern). Website-Administratoren k\u00f6nnen diese Informationen auch einsehen und bearbeiten.<\/span><\/p>\n<p><span style=\"font-family: Handlee;\">WELCHE RECHTE SIE AN IHREN DATEN HABEN.<\/span><\/p>\n<p><span style=\"font-family: Handlee;\">Wenn Sie ein Konto auf dieser Website haben oder Kommentare hinterlassen haben, k\u00f6nnen Sie eine exportierte Datei mit den personenbezogenen Daten, die wir \u00fcber Sie gespeichert haben, anfordern, einschlie\u00dflich aller Daten, die Sie uns zur Verf\u00fcgung gestellt haben. Sie k\u00f6nnen auch verlangen, dass wir alle personenbezogenen Daten, die wir \u00fcber Sie gespeichert haben, l\u00f6schen. Ausgenommen hiervon sind Daten, zu deren Aufbewahrung wir aus administrativen, rechtlichen oder sicherheitsrelevanten Gr\u00fcnden verpflichtet sind.<\/span><\/p>\n<p><span style=\"font-family: Handlee;\">WOHIN WIR IHRE DATEN SENDEN<\/span><\/p>\n<p><span style=\"font-family: Handlee;\">Die Kommentare der Besucher k\u00f6nnen durch einen automatisierten Spam-Erkennungsdienst \u00fcberpr\u00fcft werd<\/span>en.<\/p>\n<p>&nbsp;<\/p>\n<p>&nbsp;<\/p>\n","protected":false},"excerpt":{"rendered":"<p>WER WIR SIND Unsere Website-Adresse lautet: https:\/\/hochzeit.marjenau.de. WELCHE PERSONENBEZOGENEN DATEN&nbsp; ERHEBEN WIR UND WARUM WIR SIE ERHEBEN Kommentare Wenn Besucher Kommentare auf der Website hinterlassen, sammeln wir die im Kommentarformular angezeigten Daten, sowie die IP-Adresse des Besuchers und den User-Agent-Wert des Browsers, um die Spam-Erkennung zu unterst\u00fctzen. Eine anonymisierte Zeichenkette, die aus Ihrer E-Mail-Adresse erstellt&hellip;<\/p>\n","protected":false},"author":1,"featured_media":0,"parent":0,"menu_order":0,"comment_status":"closed","ping_status":"closed","template":"","meta":{"footnotes":""},"class_list":["post-3","page","type-page","status-publish","hentry"],"_links":{"self":[{"href":"https:\/\/Hochzeit.marjenau.de\/index.php\/wp-json\/wp\/v2\/pages\/3","targetHints":{"allow":["GET"]}}],"collection":[{"href":"https:\/\/Hochzeit.marjenau.de\/index.php\/wp-json\/wp\/v2\/pages"}],"about":[{"href":"https:\/\/Hochzeit.marjenau.de\/index.php\/wp-json\/wp\/v2\/types\/page"}],"author":[{"embeddable":true,"href":"https:\/\/Hochzeit.marjenau.de\/index.php\/wp-json\/wp\/v2\/users\/1"}],"replies":[{"embeddable":true,"href":"https:\/\/Hochzeit.marjenau.de\/index.php\/wp-json\/wp\/v2\/comments?post=3"}],"version-history":[{"count":4,"href":"https:\/\/Hochzeit.marjenau.de\/index.php\/wp-json\/wp\/v2\/pages\/3\/revisions"}],"predecessor-version":[{"id":3340,"href":"https:\/\/Hochzeit.marjenau.de\/index.php\/wp-json\/wp\/v2\/pages\/3\/revisions\/3340"}],"wp:attachment":[{"href":"https:\/\/Hochzeit.marjenau.de\/index.php\/wp-json\/wp\/v2\/media?parent=3"}],"curies":[{"name":"wp","href":"https:\/\/api.w.org\/{rel}","templated":true}]}}