{"id":2046,"date":"2019-09-22T12:55:21","date_gmt":"2019-09-22T12:55:21","guid":{"rendered":"https:\/\/Hochzeit.marjenau.de\/?page_id=2046"},"modified":"2019-09-26T23:23:25","modified_gmt":"2019-09-26T23:23:25","slug":"reaktionen-nach-den-einladungen","status":"publish","type":"page","link":"https:\/\/Hochzeit.marjenau.de\/index.php\/sonstiges\/reaktionen-nach-den-einladungen\/","title":{"rendered":"Reaktionen nach den Einladungen"},"content":{"rendered":"<p><span style=\"font-family: Handlee; font-size: 14pt; color: #800000;\">Ein paar kleine Chatausz\u00fcge:<\/span><\/p>\n<p style=\"text-align: center;\"><span style=\"font-family: Handlee; font-size: 14pt; color: #800000;\">Unsere Tochter <span style=\"color: #999999;\">Jil<\/span> konnte sich tagelang gar nicht beruhigen. <\/span><\/p>\n<p style=\"text-align: center;\"><img loading=\"lazy\" decoding=\"async\" class=\"alignnone wp-image-2039\" src=\"https:\/\/Hochzeit.marjenau.de\/wp-content\/uploads\/2019\/09\/jil.jpg\" alt=\"\" width=\"320\" height=\"430\" srcset=\"https:\/\/Hochzeit.marjenau.de\/wp-content\/uploads\/2019\/09\/jil.jpg 720w, https:\/\/Hochzeit.marjenau.de\/wp-content\/uploads\/2019\/09\/jil-223x300.jpg 223w, https:\/\/Hochzeit.marjenau.de\/wp-content\/uploads\/2019\/09\/jil-149x200.jpg 149w, https:\/\/Hochzeit.marjenau.de\/wp-content\/uploads\/2019\/09\/jil-446x600.jpg 446w\" sizes=\"auto, (max-width: 320px) 100vw, 320px\" \/><\/p>\n<p style=\"text-align: center;\"><span style=\"font-family: Handlee; font-size: 14pt;\"><span style=\"color: #800000;\">\u00dcber solche lieben Meldungen, wie von<\/span> <span style=\"color: #999999;\">Eireen<span style=\"color: #800000;\">,<\/span><\/span> h<span style=\"color: #800000;\">aben wir uns sehr gefreut.<\/span><\/span><\/p>\n<p style=\"text-align: center;\"><img loading=\"lazy\" decoding=\"async\" class=\"alignnone wp-image-2038\" src=\"https:\/\/Hochzeit.marjenau.de\/wp-content\/uploads\/2019\/09\/Eireen.jpg\" alt=\"\" width=\"320\" height=\"172\" srcset=\"https:\/\/Hochzeit.marjenau.de\/wp-content\/uploads\/2019\/09\/Eireen.jpg 636w, https:\/\/Hochzeit.marjenau.de\/wp-content\/uploads\/2019\/09\/Eireen-300x161.jpg 300w, https:\/\/Hochzeit.marjenau.de\/wp-content\/uploads\/2019\/09\/Eireen-200x108.jpg 200w\" sizes=\"auto, (max-width: 320px) 100vw, 320px\" \/><\/p>\n<p style=\"text-align: center;\"><span style=\"color: #800000; font-family: Handlee; font-size: 14pt;\">Manche, so wie <span style=\"color: #999999;\">Petra<span style=\"color: #800000;\">, <\/span><\/span>haben ihr Erscheinen regelrecht angedroht.<\/span><\/p>\n<p style=\"text-align: center;\"><img loading=\"lazy\" decoding=\"async\" class=\"alignnone wp-image-2041\" src=\"https:\/\/Hochzeit.marjenau.de\/wp-content\/uploads\/2019\/09\/petra.jpg\" alt=\"\" width=\"320\" height=\"242\" srcset=\"https:\/\/Hochzeit.marjenau.de\/wp-content\/uploads\/2019\/09\/petra.jpg 1080w, https:\/\/Hochzeit.marjenau.de\/wp-content\/uploads\/2019\/09\/petra-300x227.jpg 300w, https:\/\/Hochzeit.marjenau.de\/wp-content\/uploads\/2019\/09\/petra-768x580.jpg 768w, https:\/\/Hochzeit.marjenau.de\/wp-content\/uploads\/2019\/09\/petra-1024x774.jpg 1024w, https:\/\/Hochzeit.marjenau.de\/wp-content\/uploads\/2019\/09\/petra-200x151.jpg 200w, https:\/\/Hochzeit.marjenau.de\/wp-content\/uploads\/2019\/09\/petra-794x600.jpg 794w\" sizes=\"auto, (max-width: 320px) 100vw, 320px\" \/><\/p>\n<p style=\"text-align: center;\"><span style=\"font-family: Handlee; font-size: 14pt; color: #993300;\">Den <span style=\"color: #999999;\">Volker<\/span> h\u00e4tten wir allerdings sehr gerne als Brautjungfer gesehen.<\/span><\/p>\n<p style=\"text-align: center;\"><img loading=\"lazy\" decoding=\"async\" class=\"alignnone wp-image-2043\" src=\"https:\/\/Hochzeit.marjenau.de\/wp-content\/uploads\/2019\/09\/Zusage-Volker.jpg\" alt=\"\" width=\"513\" height=\"205\" srcset=\"https:\/\/Hochzeit.marjenau.de\/wp-content\/uploads\/2019\/09\/Zusage-Volker.jpg 566w, https:\/\/Hochzeit.marjenau.de\/wp-content\/uploads\/2019\/09\/Zusage-Volker-300x120.jpg 300w, https:\/\/Hochzeit.marjenau.de\/wp-content\/uploads\/2019\/09\/Zusage-Volker-200x80.jpg 200w\" sizes=\"auto, (max-width: 513px) 100vw, 513px\" \/><\/p>\n<p style=\"text-align: center;\"><span style=\"font-family: Handlee; font-size: 14pt; color: #800000;\">Dem <span style=\"color: #999999;\">Wob <\/span>habe ich vorher erz\u00e4hlt, ich br\u00e4uchte seine Adresse, da wir per Post Einladungen f\u00fcr ein Weihnachtstreffen versenden wollen. Zum Gl\u00fcck hat er die Drohung mit dem wei\u00dfen Anzug dann nicht umgesetzt.<\/span><\/p>\n<p style=\"text-align: center;\"><img loading=\"lazy\" decoding=\"async\" class=\"alignnone size-full wp-image-2042\" src=\"https:\/\/Hochzeit.marjenau.de\/wp-content\/uploads\/2019\/09\/Wob.jpg\" alt=\"\" width=\"551\" height=\"611\" srcset=\"https:\/\/Hochzeit.marjenau.de\/wp-content\/uploads\/2019\/09\/Wob.jpg 551w, https:\/\/Hochzeit.marjenau.de\/wp-content\/uploads\/2019\/09\/Wob-271x300.jpg 271w, https:\/\/Hochzeit.marjenau.de\/wp-content\/uploads\/2019\/09\/Wob-180x200.jpg 180w, https:\/\/Hochzeit.marjenau.de\/wp-content\/uploads\/2019\/09\/Wob-541x600.jpg 541w\" sizes=\"auto, (max-width: 551px) 100vw, 551px\" \/><\/p>\n<p style=\"text-align: center;\"><span style=\"font-family: Handlee; font-size: 14pt; color: #800000;\"><span style=\"color: #999999;\">Marc<\/span> machte sich Gedanken, ob denn sein Anzug noch sitzen w\u00fcrde.<\/span><\/p>\n<p style=\"text-align: center;\"><img loading=\"lazy\" decoding=\"async\" class=\"alignnone size-full wp-image-2040\" src=\"https:\/\/Hochzeit.marjenau.de\/wp-content\/uploads\/2019\/09\/mark.jpg\" alt=\"\" width=\"338\" height=\"200\" srcset=\"https:\/\/Hochzeit.marjenau.de\/wp-content\/uploads\/2019\/09\/mark.jpg 338w, https:\/\/Hochzeit.marjenau.de\/wp-content\/uploads\/2019\/09\/mark-300x178.jpg 300w, https:\/\/Hochzeit.marjenau.de\/wp-content\/uploads\/2019\/09\/mark-200x118.jpg 200w\" sizes=\"auto, (max-width: 338px) 100vw, 338px\" \/><\/p>\n<p style=\"text-align: center;\"><span style=\"font-family: Handlee; font-size: 14pt; color: #800000;\">Und wir k\u00f6nnen uns lebhaft vorstellen, wie Alex den armen <span style=\"color: #999999;\">Cornelius<\/span> zwischenzeitlich verr\u00fcckt gemacht hat.<\/span><\/p>\n<p style=\"text-align: center;\"><img loading=\"lazy\" decoding=\"async\" class=\"alignnone wp-image-2037\" src=\"https:\/\/Hochzeit.marjenau.de\/wp-content\/uploads\/2019\/09\/Cornelius.jpg\" alt=\"\" width=\"320\" height=\"359\" srcset=\"https:\/\/Hochzeit.marjenau.de\/wp-content\/uploads\/2019\/09\/Cornelius.jpg 1080w, https:\/\/Hochzeit.marjenau.de\/wp-content\/uploads\/2019\/09\/Cornelius-267x300.jpg 267w, https:\/\/Hochzeit.marjenau.de\/wp-content\/uploads\/2019\/09\/Cornelius-768x862.jpg 768w, https:\/\/Hochzeit.marjenau.de\/wp-content\/uploads\/2019\/09\/Cornelius-912x1024.jpg 912w, https:\/\/Hochzeit.marjenau.de\/wp-content\/uploads\/2019\/09\/Cornelius-178x200.jpg 178w, https:\/\/Hochzeit.marjenau.de\/wp-content\/uploads\/2019\/09\/Cornelius-535x600.jpg 535w, https:\/\/Hochzeit.marjenau.de\/wp-content\/uploads\/2019\/09\/Cornelius-891x1000.jpg 891w\" sizes=\"auto, (max-width: 320px) 100vw, 320px\" \/><\/p>\n<p style=\"text-align: center;\">&nbsp;<\/p>\n","protected":false},"excerpt":{"rendered":"<p>Ein paar kleine Chatausz\u00fcge: Unsere Tochter Jil konnte sich tagelang gar nicht beruhigen. \u00dcber solche lieben Meldungen, wie von Eireen, haben wir uns sehr gefreut. Manche, so wie Petra, haben ihr Erscheinen regelrecht angedroht. Den Volker h\u00e4tten wir allerdings sehr gerne als Brautjungfer gesehen. Dem Wob habe ich vorher erz\u00e4hlt, ich br\u00e4uchte seine Adresse, da&hellip;<\/p>\n","protected":false},"author":1,"featured_media":0,"parent":2036,"menu_order":0,"comment_status":"closed","ping_status":"closed","template":"","meta":{"footnotes":""},"class_list":["post-2046","page","type-page","status-publish","hentry"],"_links":{"self":[{"href":"https:\/\/Hochzeit.marjenau.de\/index.php\/wp-json\/wp\/v2\/pages\/2046","targetHints":{"allow":["GET"]}}],"collection":[{"href":"https:\/\/Hochzeit.marjenau.de\/index.php\/wp-json\/wp\/v2\/pages"}],"about":[{"href":"https:\/\/Hochzeit.marjenau.de\/index.php\/wp-json\/wp\/v2\/types\/page"}],"author":[{"embeddable":true,"href":"https:\/\/Hochzeit.marjenau.de\/index.php\/wp-json\/wp\/v2\/users\/1"}],"replies":[{"embeddable":true,"href":"https:\/\/Hochzeit.marjenau.de\/index.php\/wp-json\/wp\/v2\/comments?post=2046"}],"version-history":[{"count":6,"href":"https:\/\/Hochzeit.marjenau.de\/index.php\/wp-json\/wp\/v2\/pages\/2046\/revisions"}],"predecessor-version":[{"id":3353,"href":"https:\/\/Hochzeit.marjenau.de\/index.php\/wp-json\/wp\/v2\/pages\/2046\/revisions\/3353"}],"up":[{"embeddable":true,"href":"https:\/\/Hochzeit.marjenau.de\/index.php\/wp-json\/wp\/v2\/pages\/2036"}],"wp:attachment":[{"href":"https:\/\/Hochzeit.marjenau.de\/index.php\/wp-json\/wp\/v2\/media?parent=2046"}],"curies":[{"name":"wp","href":"https:\/\/api.w.org\/{rel}","templated":true}]}}