{"id":2014,"date":"2019-09-22T00:06:23","date_gmt":"2019-09-22T00:06:23","guid":{"rendered":"https:\/\/Hochzeit.marjenau.de\/?page_id=2014"},"modified":"2019-09-26T23:07:53","modified_gmt":"2019-09-26T23:07:53","slug":"das-menue","status":"publish","type":"page","link":"https:\/\/Hochzeit.marjenau.de\/index.php\/die-feier\/das-menue\/","title":{"rendered":"Das Men\u00fc"},"content":{"rendered":"<p><img loading=\"lazy\" decoding=\"async\" class=\"alignnone size-full wp-image-1800 aligncenter\" src=\"https:\/\/Hochzeit.marjenau.de\/wp-content\/uploads\/2019\/09\/P1010018.jpg\" alt=\"\" width=\"1024\" height=\"512\" srcset=\"https:\/\/Hochzeit.marjenau.de\/wp-content\/uploads\/2019\/09\/P1010018.jpg 1024w, https:\/\/Hochzeit.marjenau.de\/wp-content\/uploads\/2019\/09\/P1010018-300x150.jpg 300w, https:\/\/Hochzeit.marjenau.de\/wp-content\/uploads\/2019\/09\/P1010018-768x384.jpg 768w, https:\/\/Hochzeit.marjenau.de\/wp-content\/uploads\/2019\/09\/P1010018-200x100.jpg 200w, https:\/\/Hochzeit.marjenau.de\/wp-content\/uploads\/2019\/09\/P1010018-900x450.jpg 900w\" sizes=\"auto, (max-width: 1024px) 100vw, 1024px\" \/><\/p>\n<p style=\"text-align: center;\"><span style=\"font-size: 14pt;\"><span style=\"font-family: Handlee; color: #800000;\">F\u00fcr alle, die schon zu satt waren, <\/span><span style=\"font-family: Handlee; color: #800000;\">um alles zu probieren, <\/span><span style=\"font-family: Handlee; color: #800000;\">m\u00f6chten wir hier nochmal die K\u00f6stlichkeiten vorstellen. Das Essen wurde mehrmals in den h\u00f6chsten T\u00f6nen gelobt und einige haben gefragt, wer denn das tolle Catering gemacht hat. Ganz einfach &#8211; wir haben die ganze Nacht f\u00fcr euch gekocht und Kuchen gebacken! <\/span><\/span><\/p>\n<p style=\"text-align: center;\"><span style=\"font-family: Handlee; font-size: 18pt; color: #800000;\"><span style=\"font-size: 14pt;\">Nein, diese K\u00f6stlichenkeiten stammen alle aus der Parkvilla selbst &#8211; bis auf die Hochzeitstorte, die stammt von Pretty Cakes<\/span> <span style=\"font-size: 14pt;\">(<a style=\"color: #800000;\" href=\"https:\/\/www.pretty-cakes.de\/\">https:\/\/www.pretty-cakes.de\/<\/a>)<\/span>.<br \/>\n<\/span><\/p>\n<hr>\n<p style=\"text-align: center;\"><span style=\"font-family: Handlee; font-size: 18pt; color: #800080;\"><u><span style=\"color: #999999;\">Kaffeetafel<\/span> <\/u><\/span><\/p>\n<p class=\"western\" style=\"text-align: center;\" lang=\"de-DE\"><span style=\"font-family: Handlee; font-size: 14pt; color: #800000;\">Apfel- und Pflaumenkuchen mit Sahne <\/span><\/p>\n<p class=\"western\" style=\"text-align: center;\" lang=\"de-DE\"><span style=\"font-family: Handlee; font-size: 14pt; color: #800000;\">K\u00e4sekuchen <\/span><\/p>\n<p class=\"western\" style=\"text-align: center;\" lang=\"de-DE\"><span style=\"font-family: Handlee; font-size: 14pt; color: #999999;\"><u><span style=\"font-size: 18pt;\">Buffet<\/span> <\/u><\/span><\/p>\n<p class=\"western\" style=\"text-align: center;\" lang=\"de-DE\"><span style=\"font-family: Handlee; font-size: 14pt; color: #800000;\">Krautsalat <\/span><\/p>\n<p class=\"western\" style=\"text-align: center;\" lang=\"de-DE\"><span style=\"font-family: Handlee; font-size: 14pt; color: #800000;\">Bunte Salatvariationen mit zweierlei Dressing <\/span><\/p>\n<p class=\"western\" style=\"text-align: center;\" lang=\"de-DE\"><span style=\"font-family: Handlee; font-size: 14pt; color: #800000;\">Pizzabrot mit K\u00e4se gef\u00fcllt dazu Aioli <\/span><\/p>\n<p class=\"western\" style=\"text-align: center;\" lang=\"de-DE\"><span style=\"font-family: Handlee; font-size: 14pt; color: #800000;\">Baguette <\/span><\/p>\n<p class=\"western\" style=\"text-align: center;\" lang=\"de-DE\"><span style=\"font-family: Handlee; font-size: 14pt; color: #800000;\">Antipasti und Tapas Auswahl <\/span><\/p>\n<p class=\"western\" style=\"text-align: center;\" lang=\"de-DE\"><span style=\"font-family: Handlee; font-size: 14pt; color: #800000;\">Wraps: Frischk\u00e4se und Rucola <\/span><\/p>\n<p class=\"western\" style=\"text-align: center;\" lang=\"de-DE\"><span style=\"font-family: Handlee; font-size: 14pt; color: #800000;\">Wraps: Frischk\u00e4se, Eisbergsalat, Thunfisch, Ei <\/span><\/p>\n<p class=\"western\" style=\"text-align: center;\" lang=\"de-DE\"><span style=\"font-family: Handlee; font-size: 14pt; color: #800000;\">Wraps: H\u00e4hnchen, Sweet-Chili, Ananas, Eisberg <\/span><\/p>\n<p class=\"western\" style=\"text-align: center;\" lang=\"de-DE\"><span style=\"font-family: Handlee; font-size: 14pt; color: #800000;\">Cheese Burger, Bacon Burger <\/span><\/p>\n<p class=\"western\" style=\"text-align: center;\" lang=\"de-DE\"><span style=\"font-family: Handlee; font-size: 14pt; color: #800000;\">Chicken Burger, Crispy Chicken Burger <\/span><\/p>\n<p class=\"western\" style=\"text-align: center;\" lang=\"de-DE\"><span style=\"font-family: Handlee; font-size: 14pt; color: #800000;\">Rippchen &amp; Chicken Wings <\/span><\/p>\n<p class=\"western\" style=\"text-align: center;\" lang=\"de-DE\"><span style=\"font-family: Handlee; font-size: 14pt; color: #800000;\">S\u00fc\u00dfkartoffel Pommes und Wedges <\/span><\/p>\n<p class=\"western\" style=\"text-align: center;\" lang=\"de-DE\"><span style=\"font-family: Handlee; font-size: 14pt; color: #800000;\"><a style=\"color: #800000;\" name=\"_GoBack\"><\/a> Gegrillte Maiskolben, verschiedene Saucen und Dips <\/span><\/p>\n<p class=\"western\" style=\"text-align: center;\" lang=\"de-DE\"><span style=\"font-family: Handlee; font-size: 14pt; color: #800000;\">Herren Creme, Obstsalat mit Vanillesauce <\/span><\/p>\n<p class=\"western\" style=\"text-align: center;\" lang=\"de-DE\"><span style=\"font-family: Handlee; font-size: 14pt; color: #800000;\">Slush Eis, Frozen Joghurt mit Toppings <\/span><\/p>\n<p class=\"western\" style=\"text-align: center;\" lang=\"de-DE\"><span style=\"font-family: Handlee; font-size: 14pt; color: #999999;\"><u>Mitternachtsessen<\/u><\/span><\/p>\n<p class=\"western\" style=\"text-align: center;\" lang=\"de-DE\"><span style=\"font-family: Handlee; font-size: 14pt; color: #800000;\">Currywurst <\/span><\/p>\n<p class=\"western\" style=\"text-align: center;\" lang=\"de-DE\"><span style=\"font-family: Handlee; font-size: 14pt; color: #800000;\">Kuchen- &amp; Vorspeisen-Auswahl<\/span><\/p>\n","protected":false},"excerpt":{"rendered":"<p>F\u00fcr alle, die schon zu satt waren, um alles zu probieren, m\u00f6chten wir hier nochmal die K\u00f6stlichkeiten vorstellen. Das Essen wurde mehrmals in den h\u00f6chsten T\u00f6nen gelobt und einige haben gefragt, wer denn das tolle Catering gemacht hat. Ganz einfach &#8211; wir haben die ganze Nacht f\u00fcr euch gekocht und Kuchen gebacken! Nein, diese K\u00f6stlichenkeiten&hellip;<\/p>\n","protected":false},"author":1,"featured_media":0,"parent":1799,"menu_order":0,"comment_status":"closed","ping_status":"closed","template":"","meta":{"footnotes":""},"class_list":["post-2014","page","type-page","status-publish","hentry"],"_links":{"self":[{"href":"https:\/\/Hochzeit.marjenau.de\/index.php\/wp-json\/wp\/v2\/pages\/2014","targetHints":{"allow":["GET"]}}],"collection":[{"href":"https:\/\/Hochzeit.marjenau.de\/index.php\/wp-json\/wp\/v2\/pages"}],"about":[{"href":"https:\/\/Hochzeit.marjenau.de\/index.php\/wp-json\/wp\/v2\/types\/page"}],"author":[{"embeddable":true,"href":"https:\/\/Hochzeit.marjenau.de\/index.php\/wp-json\/wp\/v2\/users\/1"}],"replies":[{"embeddable":true,"href":"https:\/\/Hochzeit.marjenau.de\/index.php\/wp-json\/wp\/v2\/comments?post=2014"}],"version-history":[{"count":9,"href":"https:\/\/Hochzeit.marjenau.de\/index.php\/wp-json\/wp\/v2\/pages\/2014\/revisions"}],"predecessor-version":[{"id":3343,"href":"https:\/\/Hochzeit.marjenau.de\/index.php\/wp-json\/wp\/v2\/pages\/2014\/revisions\/3343"}],"up":[{"embeddable":true,"href":"https:\/\/Hochzeit.marjenau.de\/index.php\/wp-json\/wp\/v2\/pages\/1799"}],"wp:attachment":[{"href":"https:\/\/Hochzeit.marjenau.de\/index.php\/wp-json\/wp\/v2\/media?parent=2014"}],"curies":[{"name":"wp","href":"https:\/\/api.w.org\/{rel}","templated":true}]}}