{"id":1939,"date":"2019-09-21T23:16:08","date_gmt":"2019-09-21T23:16:08","guid":{"rendered":"https:\/\/Hochzeit.marjenau.de\/?page_id=1939"},"modified":"2019-09-26T23:10:48","modified_gmt":"2019-09-26T23:10:48","slug":"brautpaarshooting","status":"publish","type":"page","link":"https:\/\/Hochzeit.marjenau.de\/index.php\/fotos\/brautpaarshooting\/","title":{"rendered":"Brautpaarshooting"},"content":{"rendered":"<p style=\"text-align: center;\"><div id=\"metaslider-id-1950\" style=\"width: 100%;\" class=\"ml-slider-3-108-0 metaslider metaslider-flex metaslider-1950 ml-slider ms-theme-default nav-hidden\" role=\"region\" aria-label=\"paarshooting\" data-height=\"400\" data-width=\"600\">\n    <div id=\"metaslider_container_1950\">\n        <div id=\"metaslider_1950\">\n            <ul class='slides'>\n                <li style=\"display: block; width: 100%;\" class=\"slide-1994 ms-image \" aria-roledescription=\"slide\" data-date=\"2019-09-21 23:50:37\" data-filename=\"PSSL_14.jpg\" data-slide-type=\"image\"><img loading=\"lazy\" decoding=\"async\" src=\"https:\/\/Hochzeit.marjenau.de\/wp-content\/uploads\/2019\/09\/PSSL_14.jpg\" height=\"400\" width=\"600\" alt=\"\" class=\"slider-1950 slide-1994 msDefaultImage\" title=\"PSSL_14\" \/><\/li>\n                <li style=\"display: none; width: 100%;\" class=\"slide-2001 ms-image \" aria-roledescription=\"slide\" data-date=\"2019-09-21 23:50:38\" data-filename=\"PSSL_21.jpg\" data-slide-type=\"image\"><img loading=\"lazy\" decoding=\"async\" src=\"https:\/\/Hochzeit.marjenau.de\/wp-content\/uploads\/2019\/09\/PSSL_21.jpg\" height=\"400\" width=\"600\" alt=\"\" class=\"slider-1950 slide-2001 msDefaultImage\" title=\"PSSL_21\" \/><\/li>\n                <li style=\"display: none; width: 100%;\" class=\"slide-2007 ms-image \" aria-roledescription=\"slide\" data-date=\"2019-09-21 23:50:38\" data-filename=\"PSSL_27-600x400.jpg\" data-slide-type=\"image\"><img loading=\"lazy\" decoding=\"async\" src=\"https:\/\/Hochzeit.marjenau.de\/wp-content\/uploads\/2019\/09\/PSSL_27-600x400.jpg\" height=\"400\" width=\"600\" alt=\"\" class=\"slider-1950 slide-2007 msDefaultImage\" title=\"PSSL_27\" \/><\/li>\n                <li style=\"display: none; width: 100%;\" class=\"slide-1997 ms-image \" aria-roledescription=\"slide\" data-date=\"2019-09-21 23:50:37\" data-filename=\"PSSL_17.jpg\" data-slide-type=\"image\"><img loading=\"lazy\" decoding=\"async\" src=\"https:\/\/Hochzeit.marjenau.de\/wp-content\/uploads\/2019\/09\/PSSL_17.jpg\" height=\"400\" width=\"600\" alt=\"\" class=\"slider-1950 slide-1997 msDefaultImage\" title=\"PSSL_17\" \/><\/li>\n                <li style=\"display: none; width: 100%;\" class=\"slide-1989 ms-image \" aria-roledescription=\"slide\" data-date=\"2019-09-21 23:50:37\" data-filename=\"PSSL_9.jpg\" data-slide-type=\"image\"><img loading=\"lazy\" decoding=\"async\" src=\"https:\/\/Hochzeit.marjenau.de\/wp-content\/uploads\/2019\/09\/PSSL_9.jpg\" height=\"400\" width=\"600\" alt=\"\" class=\"slider-1950 slide-1989 msDefaultImage\" title=\"PSSL_9\" \/><\/li>\n                <li style=\"display: none; width: 100%;\" class=\"slide-2005 ms-image \" aria-roledescription=\"slide\" data-date=\"2019-09-21 23:50:38\" data-filename=\"PSSL_25.jpg\" data-slide-type=\"image\"><img loading=\"lazy\" decoding=\"async\" src=\"https:\/\/Hochzeit.marjenau.de\/wp-content\/uploads\/2019\/09\/PSSL_25.jpg\" height=\"400\" width=\"600\" alt=\"\" class=\"slider-1950 slide-2005 msDefaultImage\" title=\"PSSL_25\" \/><\/li>\n                <li style=\"display: none; width: 100%;\" class=\"slide-1993 ms-image \" aria-roledescription=\"slide\" data-date=\"2019-09-21 23:50:37\" data-filename=\"PSSL_13.jpg\" data-slide-type=\"image\"><img loading=\"lazy\" decoding=\"async\" src=\"https:\/\/Hochzeit.marjenau.de\/wp-content\/uploads\/2019\/09\/PSSL_13.jpg\" height=\"400\" width=\"600\" alt=\"\" class=\"slider-1950 slide-1993 msDefaultImage\" title=\"PSSL_13\" \/><\/li>\n                <li style=\"display: none; width: 100%;\" class=\"slide-1987 ms-image \" aria-roledescription=\"slide\" data-date=\"2019-09-21 23:50:37\" data-filename=\"PSSL_7-600x400.jpg\" data-slide-type=\"image\"><img loading=\"lazy\" decoding=\"async\" src=\"https:\/\/Hochzeit.marjenau.de\/wp-content\/uploads\/2019\/09\/PSSL_7-600x400.jpg\" height=\"400\" width=\"600\" alt=\"\" class=\"slider-1950 slide-1987 msDefaultImage\" title=\"PSSL_7\" \/><\/li>\n                <li style=\"display: none; width: 100%;\" class=\"slide-2009 ms-image \" aria-roledescription=\"slide\" data-date=\"2019-09-21 23:50:38\" data-filename=\"PSSL_30.jpg\" data-slide-type=\"image\"><img loading=\"lazy\" decoding=\"async\" src=\"https:\/\/Hochzeit.marjenau.de\/wp-content\/uploads\/2019\/09\/PSSL_30.jpg\" height=\"400\" width=\"600\" alt=\"\" class=\"slider-1950 slide-2009 msDefaultImage\" title=\"PSSL_30\" \/><\/li>\n                <li style=\"display: none; width: 100%;\" class=\"slide-2002 ms-image \" aria-roledescription=\"slide\" data-date=\"2019-09-21 23:50:38\" data-filename=\"PSSL_22.jpg\" data-slide-type=\"image\"><img loading=\"lazy\" decoding=\"async\" src=\"https:\/\/Hochzeit.marjenau.de\/wp-content\/uploads\/2019\/09\/PSSL_22.jpg\" height=\"400\" width=\"600\" alt=\"\" class=\"slider-1950 slide-2002 msDefaultImage\" title=\"PSSL_22\" \/><\/li>\n                <li style=\"display: none; width: 100%;\" class=\"slide-1986 ms-image \" aria-roledescription=\"slide\" data-date=\"2019-09-21 23:50:37\" data-filename=\"PSSL_6-600x400.jpg\" data-slide-type=\"image\"><img loading=\"lazy\" decoding=\"async\" src=\"https:\/\/Hochzeit.marjenau.de\/wp-content\/uploads\/2019\/09\/PSSL_6-600x400.jpg\" height=\"400\" width=\"600\" alt=\"\" class=\"slider-1950 slide-1986 msDefaultImage\" title=\"PSSL_6\" \/><\/li>\n                <li style=\"display: none; width: 100%;\" class=\"slide-1981 ms-image \" aria-roledescription=\"slide\" data-date=\"2019-09-21 23:50:36\" data-filename=\"PSSL_1.jpg\" data-slide-type=\"image\"><img loading=\"lazy\" decoding=\"async\" src=\"https:\/\/Hochzeit.marjenau.de\/wp-content\/uploads\/2019\/09\/PSSL_1.jpg\" height=\"400\" width=\"600\" alt=\"\" class=\"slider-1950 slide-1981 msDefaultImage\" title=\"PSSL_1\" \/><\/li>\n                <li style=\"display: none; width: 100%;\" class=\"slide-2008 ms-image \" aria-roledescription=\"slide\" data-date=\"2019-09-21 23:50:38\" data-filename=\"PSSL_29.jpg\" data-slide-type=\"image\"><img loading=\"lazy\" decoding=\"async\" src=\"https:\/\/Hochzeit.marjenau.de\/wp-content\/uploads\/2019\/09\/PSSL_29.jpg\" height=\"400\" width=\"600\" alt=\"\" class=\"slider-1950 slide-2008 msDefaultImage\" title=\"PSSL_29\" \/><\/li>\n                <li style=\"display: none; width: 100%;\" class=\"slide-1991 ms-image \" aria-roledescription=\"slide\" data-date=\"2019-09-21 23:50:37\" data-filename=\"PSSL_11-600x400.jpg\" data-slide-type=\"image\"><img loading=\"lazy\" decoding=\"async\" src=\"https:\/\/Hochzeit.marjenau.de\/wp-content\/uploads\/2019\/09\/PSSL_11-600x400.jpg\" height=\"400\" width=\"600\" alt=\"\" class=\"slider-1950 slide-1991 msDefaultImage\" title=\"PSSL_11\" \/><\/li>\n                <li style=\"display: none; width: 100%;\" class=\"slide-1988 ms-image \" aria-roledescription=\"slide\" data-date=\"2019-09-21 23:50:37\" data-filename=\"PSSL_8.jpg\" data-slide-type=\"image\"><img loading=\"lazy\" decoding=\"async\" src=\"https:\/\/Hochzeit.marjenau.de\/wp-content\/uploads\/2019\/09\/PSSL_8.jpg\" height=\"400\" width=\"600\" alt=\"\" class=\"slider-1950 slide-1988 msDefaultImage\" title=\"PSSL_8\" \/><\/li>\n                <li style=\"display: none; width: 100%;\" class=\"slide-1983 ms-image \" aria-roledescription=\"slide\" data-date=\"2019-09-21 23:50:36\" data-filename=\"PSSL_3.jpg\" data-slide-type=\"image\"><img loading=\"lazy\" decoding=\"async\" src=\"https:\/\/Hochzeit.marjenau.de\/wp-content\/uploads\/2019\/09\/PSSL_3.jpg\" height=\"400\" width=\"600\" alt=\"\" class=\"slider-1950 slide-1983 msDefaultImage\" title=\"PSSL_3\" \/><\/li>\n                <li style=\"display: none; width: 100%;\" class=\"slide-1999 ms-image \" aria-roledescription=\"slide\" data-date=\"2019-09-21 23:50:38\" data-filename=\"PSSL_19.jpg\" data-slide-type=\"image\"><img loading=\"lazy\" decoding=\"async\" src=\"https:\/\/Hochzeit.marjenau.de\/wp-content\/uploads\/2019\/09\/PSSL_19.jpg\" height=\"400\" width=\"600\" alt=\"\" class=\"slider-1950 slide-1999 msDefaultImage\" title=\"PSSL_19\" \/><\/li>\n                <li style=\"display: none; width: 100%;\" class=\"slide-1996 ms-image \" aria-roledescription=\"slide\" data-date=\"2019-09-21 23:50:37\" data-filename=\"PSSL_16.jpg\" data-slide-type=\"image\"><img loading=\"lazy\" decoding=\"async\" src=\"https:\/\/Hochzeit.marjenau.de\/wp-content\/uploads\/2019\/09\/PSSL_16.jpg\" height=\"400\" width=\"600\" alt=\"\" class=\"slider-1950 slide-1996 msDefaultImage\" title=\"PSSL_16\" \/><\/li>\n                <li style=\"display: none; width: 100%;\" class=\"slide-2003 ms-image \" aria-roledescription=\"slide\" data-date=\"2019-09-21 23:50:38\" data-filename=\"PSSL_23.jpg\" data-slide-type=\"image\"><img loading=\"lazy\" decoding=\"async\" src=\"https:\/\/Hochzeit.marjenau.de\/wp-content\/uploads\/2019\/09\/PSSL_23.jpg\" height=\"400\" width=\"600\" alt=\"\" class=\"slider-1950 slide-2003 msDefaultImage\" title=\"PSSL_23\" \/><\/li>\n                <li style=\"display: none; width: 100%;\" class=\"slide-1995 ms-image \" aria-roledescription=\"slide\" data-date=\"2019-09-21 23:50:37\" data-filename=\"PSSL_15-600x400.jpg\" data-slide-type=\"image\"><img loading=\"lazy\" decoding=\"async\" src=\"https:\/\/Hochzeit.marjenau.de\/wp-content\/uploads\/2019\/09\/PSSL_15-600x400.jpg\" height=\"400\" width=\"600\" alt=\"\" class=\"slider-1950 slide-1995 msDefaultImage\" title=\"PSSL_15\" \/><\/li>\n                <li style=\"display: none; width: 100%;\" class=\"slide-1992 ms-image \" aria-roledescription=\"slide\" data-date=\"2019-09-21 23:50:37\" data-filename=\"PSSL_12-600x400.jpg\" data-slide-type=\"image\"><img loading=\"lazy\" decoding=\"async\" src=\"https:\/\/Hochzeit.marjenau.de\/wp-content\/uploads\/2019\/09\/PSSL_12-600x400.jpg\" height=\"400\" width=\"600\" alt=\"\" class=\"slider-1950 slide-1992 msDefaultImage\" title=\"PSSL_12\" \/><\/li>\n                <li style=\"display: none; width: 100%;\" class=\"slide-1985 ms-image \" aria-roledescription=\"slide\" data-date=\"2019-09-21 23:50:37\" data-filename=\"PSSL_5-600x400.jpg\" data-slide-type=\"image\"><img loading=\"lazy\" decoding=\"async\" src=\"https:\/\/Hochzeit.marjenau.de\/wp-content\/uploads\/2019\/09\/PSSL_5-600x400.jpg\" height=\"400\" width=\"600\" alt=\"\" class=\"slider-1950 slide-1985 msDefaultImage\" title=\"PSSL_5\" \/><\/li>\n                <li style=\"display: none; width: 100%;\" class=\"slide-1990 ms-image \" aria-roledescription=\"slide\" data-date=\"2019-09-21 23:50:37\" data-filename=\"PSSL_10-600x400.jpg\" data-slide-type=\"image\"><img loading=\"lazy\" decoding=\"async\" src=\"https:\/\/Hochzeit.marjenau.de\/wp-content\/uploads\/2019\/09\/PSSL_10-600x400.jpg\" height=\"400\" width=\"600\" alt=\"\" class=\"slider-1950 slide-1990 msDefaultImage\" title=\"PSSL_10\" \/><\/li>\n                <li style=\"display: none; width: 100%;\" class=\"slide-2000 ms-image \" aria-roledescription=\"slide\" data-date=\"2019-09-21 23:50:38\" data-filename=\"PSSL_20-600x400.jpg\" data-slide-type=\"image\"><img loading=\"lazy\" decoding=\"async\" src=\"https:\/\/Hochzeit.marjenau.de\/wp-content\/uploads\/2019\/09\/PSSL_20-600x400.jpg\" height=\"400\" width=\"600\" alt=\"\" class=\"slider-1950 slide-2000 msDefaultImage\" title=\"PSSL_20\" \/><\/li>\n                <li style=\"display: none; width: 100%;\" class=\"slide-1998 ms-image \" aria-roledescription=\"slide\" data-date=\"2019-09-21 23:50:37\" data-filename=\"PSSL_18.jpg\" data-slide-type=\"image\"><img loading=\"lazy\" decoding=\"async\" src=\"https:\/\/Hochzeit.marjenau.de\/wp-content\/uploads\/2019\/09\/PSSL_18.jpg\" height=\"400\" width=\"600\" alt=\"\" class=\"slider-1950 slide-1998 msDefaultImage\" title=\"PSSL_18\" \/><\/li>\n                <li style=\"display: none; width: 100%;\" class=\"slide-2006 ms-image \" aria-roledescription=\"slide\" data-date=\"2019-09-21 23:50:38\" data-filename=\"PSSL_26-600x400.jpg\" data-slide-type=\"image\"><img loading=\"lazy\" decoding=\"async\" src=\"https:\/\/Hochzeit.marjenau.de\/wp-content\/uploads\/2019\/09\/PSSL_26-600x400.jpg\" height=\"400\" width=\"600\" alt=\"\" class=\"slider-1950 slide-2006 msDefaultImage\" title=\"PSSL_26\" \/><\/li>\n                <li style=\"display: none; width: 100%;\" class=\"slide-2004 ms-image \" aria-roledescription=\"slide\" data-date=\"2019-09-21 23:50:38\" data-filename=\"PSSL_24-600x400.jpg\" data-slide-type=\"image\"><img loading=\"lazy\" decoding=\"async\" src=\"https:\/\/Hochzeit.marjenau.de\/wp-content\/uploads\/2019\/09\/PSSL_24-600x400.jpg\" height=\"400\" width=\"600\" alt=\"\" class=\"slider-1950 slide-2004 msDefaultImage\" title=\"PSSL_24\" \/><\/li>\n            <\/ul>\n        <\/div>\n        \n    <\/div>\n<\/div><\/p>\n<p style=\"text-align: center;\"><span style=\"font-family: Handlee; font-size: 18pt; color: #800000;\"><span style=\"font-size: 14pt;\">Unser Brautpaarshooting fand ein paar Tage nach der Hochzeit statt. Es ging also noch einmal mit Andreas zum Hasefriedhof. Diesmal allerdings in unserer Hochzeitskleidung. Der Brautstrau\u00df erstrahlte immer noch wie am Tag der Hochzeit. Und wieder unterst\u00fctze uns Sabine Dannhauer! Vielen Dank Andreas und Sabine &#8211; es hat uns trotz der K\u00e4lte wahnsinnig Spa\u00df gemacht!<\/span><br \/>\n<\/span><\/p>\n<p><span style=\"font-size: 12pt;\"><span style=\"font-family: Handlee; color: #800000;\">Alle Fotos Andreas Dannhauer <\/span><span style=\"font-family: Handlee;\"><a href=\"http:\/\/www.andreas-dannhauer.de\/\"><span style=\"color: #000000;\">http:\/\/www.andreas-dannhauer.de\/&nbsp;<\/span><\/a><\/span><\/span><\/p>\n<p><span style=\"font-family: Handlee; font-size: 12pt; color: #000000;\"><a style=\"color: #000000;\" href=\"https:\/\/www.facebook.com\/Ansichtssachen-Andreas-Dannhauer-382594075115680\/\">https:\/\/www.facebook.com\/Ansichtssachen-Andreas-Dannhauer-382594075115680\/<\/a><\/span><\/p>\n<p>[ngg src=&#8220;galleries&#8220; ids=&#8220;2&#8243; display=&#8220;basic_thumbnail&#8220; thumbnail_crop=&#8220;0&#8243;]<\/p>\n","protected":false},"excerpt":{"rendered":"<p>Unser Brautpaarshooting fand ein paar Tage nach der Hochzeit statt. Es ging also noch einmal mit Andreas zum Hasefriedhof. Diesmal allerdings in unserer Hochzeitskleidung. Der Brautstrau\u00df erstrahlte immer noch wie am Tag der Hochzeit. Und wieder unterst\u00fctze uns Sabine Dannhauer! Vielen Dank Andreas und Sabine &#8211; es hat uns trotz der K\u00e4lte wahnsinnig Spa\u00df gemacht!&hellip;<\/p>\n","protected":false},"author":1,"featured_media":0,"parent":1666,"menu_order":0,"comment_status":"closed","ping_status":"closed","template":"","meta":{"footnotes":""},"class_list":["post-1939","page","type-page","status-publish","hentry"],"_links":{"self":[{"href":"https:\/\/Hochzeit.marjenau.de\/index.php\/wp-json\/wp\/v2\/pages\/1939","targetHints":{"allow":["GET"]}}],"collection":[{"href":"https:\/\/Hochzeit.marjenau.de\/index.php\/wp-json\/wp\/v2\/pages"}],"about":[{"href":"https:\/\/Hochzeit.marjenau.de\/index.php\/wp-json\/wp\/v2\/types\/page"}],"author":[{"embeddable":true,"href":"https:\/\/Hochzeit.marjenau.de\/index.php\/wp-json\/wp\/v2\/users\/1"}],"replies":[{"embeddable":true,"href":"https:\/\/Hochzeit.marjenau.de\/index.php\/wp-json\/wp\/v2\/comments?post=1939"}],"version-history":[{"count":16,"href":"https:\/\/Hochzeit.marjenau.de\/index.php\/wp-json\/wp\/v2\/pages\/1939\/revisions"}],"predecessor-version":[{"id":3346,"href":"https:\/\/Hochzeit.marjenau.de\/index.php\/wp-json\/wp\/v2\/pages\/1939\/revisions\/3346"}],"up":[{"embeddable":true,"href":"https:\/\/Hochzeit.marjenau.de\/index.php\/wp-json\/wp\/v2\/pages\/1666"}],"wp:attachment":[{"href":"https:\/\/Hochzeit.marjenau.de\/index.php\/wp-json\/wp\/v2\/media?parent=1939"}],"curies":[{"name":"wp","href":"https:\/\/api.w.org\/{rel}","templated":true}]}}