{"id":1803,"date":"2019-09-21T09:56:57","date_gmt":"2019-09-21T09:56:57","guid":{"rendered":"https:\/\/Hochzeit.marjenau.de\/?page_id=1803"},"modified":"2019-09-25T20:16:17","modified_gmt":"2019-09-25T20:16:17","slug":"der-veranstaltungsort","status":"publish","type":"page","link":"https:\/\/Hochzeit.marjenau.de\/index.php\/die-feier\/der-veranstaltungsort\/","title":{"rendered":"Der Veranstaltungsort"},"content":{"rendered":"<p style=\"text-align: left;\"><span style=\"font-family: Handlee; font-size: 14pt; color: #800000;\">Auf der Suche nach dem richtigen Veranstaltungsort,<\/span><\/p>\n<p style=\"text-align: center;\"><span style=\"font-family: Handlee; font-size: 14pt; color: #800000;\"> stie\u00dfen wir recht fr\u00fch auf die Parkvilla in Versmold. Das Ambiente hat uns sofort zugesagt. Wundervoll inmitten des Stadtparks von B\u00e4umen umgeben, mit einem gro\u00dfen gem\u00fctlichen Biergarten &#8211; das war genau der richtige Ort. Und schon die Deckenlampen haben uns gleich an unsere Zeit in Leipzig denken lassen!<\/span><\/p>\n<p><a href=\"https:\/\/Hochzeit.marjenau.de\/wp-content\/uploads\/2019\/09\/IMG_8911.jpg\"><img loading=\"lazy\" decoding=\"async\" class=\"size-large wp-image-18 aligncenter\" src=\"https:\/\/Hochzeit.marjenau.de\/wp-content\/uploads\/2019\/09\/IMG_8911-1024x512.jpg\" alt=\"\" width=\"720\" height=\"360\" srcset=\"https:\/\/Hochzeit.marjenau.de\/wp-content\/uploads\/2019\/09\/IMG_8911-1024x512.jpg 1024w, https:\/\/Hochzeit.marjenau.de\/wp-content\/uploads\/2019\/09\/IMG_8911-300x150.jpg 300w, https:\/\/Hochzeit.marjenau.de\/wp-content\/uploads\/2019\/09\/IMG_8911-768x384.jpg 768w, https:\/\/Hochzeit.marjenau.de\/wp-content\/uploads\/2019\/09\/IMG_8911-200x100.jpg 200w, https:\/\/Hochzeit.marjenau.de\/wp-content\/uploads\/2019\/09\/IMG_8911-900x450.jpg 900w, https:\/\/Hochzeit.marjenau.de\/wp-content\/uploads\/2019\/09\/IMG_8911-1600x800.jpg 1600w, https:\/\/Hochzeit.marjenau.de\/wp-content\/uploads\/2019\/09\/IMG_8911-600x300.jpg 600w\" sizes=\"auto, (max-width: 720px) 100vw, 720px\" \/><\/a><\/p>\n<p style=\"text-align: center;\"><span style=\"font-family: Handlee; font-size: 14pt; color: #800000;\">Als wir im Oktober 18 den ersten Termin mit Jan von der Parkvilla hatten und ihm mitteilten, dass wir gerne im Juni dort heiraten m\u00f6chten, lehnte sich dieser gem\u00fctlich zur\u00fcck, fing an zu lachen und sagte: &#8222;Also, ich sag Euch jetzt mal, wann ich den n\u00e4chsten Termin freihabe.&#8220;<\/span><\/p>\n<p style=\"text-align: center;\"><span style=\"font-family: Handlee; color: #993300; font-size: 18pt;\"><span style=\"font-size: 14pt;\">Nach einem Blick in den Kalender wurde dann der 14.September 2019 festgelegt.<\/span> <\/span><\/p>\n<p style=\"text-align: center;\"><a href=\"https:\/\/Hochzeit.marjenau.de\/wp-content\/uploads\/2019\/09\/misc_ParkvillaStatus.jpg.jpg\"><img loading=\"lazy\" decoding=\"async\" class=\"size-medium wp-image-1805 aligncenter\" src=\"https:\/\/Hochzeit.marjenau.de\/wp-content\/uploads\/2019\/09\/misc_ParkvillaStatus.jpg-300x281.jpg\" alt=\"\" width=\"300\" height=\"281\" srcset=\"https:\/\/Hochzeit.marjenau.de\/wp-content\/uploads\/2019\/09\/misc_ParkvillaStatus.jpg-300x281.jpg 300w, https:\/\/Hochzeit.marjenau.de\/wp-content\/uploads\/2019\/09\/misc_ParkvillaStatus.jpg-200x187.jpg 200w, https:\/\/Hochzeit.marjenau.de\/wp-content\/uploads\/2019\/09\/misc_ParkvillaStatus.jpg-641x600.jpg 641w, https:\/\/Hochzeit.marjenau.de\/wp-content\/uploads\/2019\/09\/misc_ParkvillaStatus.jpg.jpg 720w\" sizes=\"auto, (max-width: 300px) 100vw, 300px\" \/><\/a><span style=\"font-size: 12pt; font-family: Handlee;\">Statusmeldung der Parkvilla auf Facebook<\/span><\/p>\n<p style=\"text-align: center;\"><span style=\"font-family: Handlee; color: #800000; font-size: 14pt;\">Und was soll man sagen, der Sp\u00e4tsommer kehrte genau an diesem Tag zur\u00fcck, es war Vollmond &#8211; besser h\u00e4tte es nicht sein k\u00f6nnen.<\/span><\/p>\n<p style=\"text-align: center;\"><span style=\"font-family: Handlee; color: #800000; font-size: 14pt;\">Bei jedem Treffen mit Jan und Tanita gaben sie uns das Gef\u00fchl, dass wir bestens aufgehoben sind. Sie gingen auf jegliche W\u00fcnsche ein, und wenn diese mal etwas zu abgefahren waren, haben sie uns mit einer stoischen Ruhe wieder auf den Boden der Tatsachen gebracht und uns mit neuen Vorschl\u00e4gen wieder ein St\u00fcck mehr Sicherheit gegeben. <\/span><\/p>\n<p style=\"text-align: center;\"><span style=\"font-family: Handlee; font-size: 14pt; color: #800000;\">Das Essen war ausgefallen, reichhaltig und begeisterte unsere G\u00e4ste! <\/span><\/p>\n<p style=\"text-align: center;\"><span style=\"font-family: Handlee; color: #800000; font-size: 14pt;\">Das gesamte Team der Parkvilla hat uns einen wundersch\u00f6nen Tag gegeben!<\/span><\/p>\n<p style=\"text-align: center;\"><span style=\"color: #800000;\"><strong><span style=\"font-family: Handlee; font-size: 18pt;\">Danke, Ihr seid gro\u00dfartig!<\/span><\/strong><\/span><\/p>\n<p style=\"text-align: center;\"><span style=\"font-family: Handlee; font-size: 14pt;\">Website: <a href=\"https:\/\/www.parkvilla-versmold.de\/\">https:\/\/www.parkvilla-versmold.de\/<\/a><\/span><\/p>\n<p style=\"text-align: center;\"><span style=\"font-family: Handlee; font-size: 14pt;\">Facebook: <a href=\"https:\/\/www.facebook.com\/Parkvilla-284273974940440\/\">https:\/\/www.facebook.com\/Parkvilla-284273974940440\/<\/a><\/span><\/p>\n<p>&nbsp;<\/p>\n","protected":false},"excerpt":{"rendered":"<p>Auf der Suche nach dem richtigen Veranstaltungsort, stie\u00dfen wir recht fr\u00fch auf die Parkvilla in Versmold. Das Ambiente hat uns sofort zugesagt. Wundervoll inmitten des Stadtparks von B\u00e4umen umgeben, mit einem gro\u00dfen gem\u00fctlichen Biergarten &#8211; das war genau der richtige Ort. Und schon die Deckenlampen haben uns gleich an unsere Zeit in Leipzig denken lassen!&hellip;<\/p>\n","protected":false},"author":1,"featured_media":0,"parent":1799,"menu_order":0,"comment_status":"closed","ping_status":"closed","template":"","meta":{"footnotes":""},"class_list":["post-1803","page","type-page","status-publish","hentry"],"_links":{"self":[{"href":"https:\/\/Hochzeit.marjenau.de\/index.php\/wp-json\/wp\/v2\/pages\/1803","targetHints":{"allow":["GET"]}}],"collection":[{"href":"https:\/\/Hochzeit.marjenau.de\/index.php\/wp-json\/wp\/v2\/pages"}],"about":[{"href":"https:\/\/Hochzeit.marjenau.de\/index.php\/wp-json\/wp\/v2\/types\/page"}],"author":[{"embeddable":true,"href":"https:\/\/Hochzeit.marjenau.de\/index.php\/wp-json\/wp\/v2\/users\/1"}],"replies":[{"embeddable":true,"href":"https:\/\/Hochzeit.marjenau.de\/index.php\/wp-json\/wp\/v2\/comments?post=1803"}],"version-history":[{"count":8,"href":"https:\/\/Hochzeit.marjenau.de\/index.php\/wp-json\/wp\/v2\/pages\/1803\/revisions"}],"predecessor-version":[{"id":3301,"href":"https:\/\/Hochzeit.marjenau.de\/index.php\/wp-json\/wp\/v2\/pages\/1803\/revisions\/3301"}],"up":[{"embeddable":true,"href":"https:\/\/Hochzeit.marjenau.de\/index.php\/wp-json\/wp\/v2\/pages\/1799"}],"wp:attachment":[{"href":"https:\/\/Hochzeit.marjenau.de\/index.php\/wp-json\/wp\/v2\/media?parent=1803"}],"curies":[{"name":"wp","href":"https:\/\/api.w.org\/{rel}","templated":true}]}}