{"id":1701,"date":"2019-09-20T23:15:20","date_gmt":"2019-09-20T23:15:20","guid":{"rendered":"https:\/\/Hochzeit.marjenau.de\/?page_id=1701"},"modified":"2019-09-25T20:52:05","modified_gmt":"2019-09-25T20:52:05","slug":"musik","status":"publish","type":"page","link":"https:\/\/Hochzeit.marjenau.de\/index.php\/die-feier\/musik\/","title":{"rendered":"Musik"},"content":{"rendered":"<p>&nbsp;<\/p>\n<p><span style=\"font-size: 18pt;\"><span style=\"font-family: Handlee; color: #800000;\">Einzug Rainer : <\/span><span style=\"font-family: Handlee;\"><span style=\"font-size: 14pt;\">A Prayer for Sanctuary (Original von ASP), gek\u00fcrzt<\/span><br \/>\n<\/span><\/span><\/p>\n<audio class=\"wp-audio-shortcode\" id=\"audio-1701-1\" preload=\"none\" style=\"width: 100%;\" controls=\"controls\"><source type=\"audio\/mpeg\" src=\"https:\/\/Hochzeit.marjenau.de\/wp-content\/uploads\/2019\/09\/01-EinzugRainer.mp3?_=1\" \/><a href=\"https:\/\/Hochzeit.marjenau.de\/wp-content\/uploads\/2019\/09\/01-EinzugRainer.mp3\">https:\/\/Hochzeit.marjenau.de\/wp-content\/uploads\/2019\/09\/01-EinzugRainer.mp3<\/a><\/audio>\n<hr>\n<p><span style=\"font-size: 18pt;\"><span style=\"font-family: Handlee;\"><span style=\"color: #800000;\">Einzug Sabine<\/span>: <span style=\"font-size: 14pt;\">Schutzengel (Original von Unheilig), gek\u00fcrzt und umarrangiert<\/span><\/span><\/span><\/p>\n<audio class=\"wp-audio-shortcode\" id=\"audio-1701-2\" preload=\"none\" style=\"width: 100%;\" controls=\"controls\"><source type=\"audio\/mpeg\" src=\"https:\/\/Hochzeit.marjenau.de\/wp-content\/uploads\/2019\/09\/02-EinzugBine.mp3?_=2\" \/><a href=\"https:\/\/Hochzeit.marjenau.de\/wp-content\/uploads\/2019\/09\/02-EinzugBine.mp3\">https:\/\/Hochzeit.marjenau.de\/wp-content\/uploads\/2019\/09\/02-EinzugBine.mp3<\/a><\/audio>\n<hr>\n<p><span style=\"font-size: 18pt;\"><span style=\"font-family: Handlee;\">&nbsp;<\/span><\/span><span style=\"font-size: 18pt;\"><span style=\"font-family: Handlee;\"><span style=\"color: #800000;\">W\u00e4hrend der Trauung:<\/span><br \/>\n<\/span><\/span><\/p>\n<p><span style=\"font-size: 14pt; font-family: Handlee;\">Sven und Jens, begleitet von Roland und Cornelius &#8211; Tocatta for a wild old Lady (Peter Horton &amp; Sigi Schwab)<\/span><\/p>\n<p><iframe loading=\"lazy\" title=\"Toccata For A Wild Old Lady (Cover)\" width=\"720\" height=\"405\" src=\"https:\/\/www.youtube.com\/embed\/UX_70WhPWp4?feature=oembed\" frameborder=\"0\" allow=\"accelerometer; autoplay; encrypted-media; gyroscope; picture-in-picture\" allowfullscreen><\/iframe><\/p>\n<p><span style=\"font-family: Handlee; font-size: 14pt;\">Julie Ann, begleitet von Jascha und Raphael &#8211; Black is the Colour (traditional ballad folk song)<\/span><\/p>\n<div id=\"fb-root\"><\/div>\n<p><script async=\"1\" defer=\"1\" crossorigin=\"anonymous\" src=\"https:\/\/connect.facebook.net\/de_DE\/sdk.js#xfbml=1&amp;version=v4.0\"><\/script><\/p>\n<div class=\"fb-video\" data-href=\"https:\/\/www.facebook.com\/KilkennyBand\/videos\/1119139301517955\/\" data-width=\"720\">\n<blockquote cite=\"https:\/\/www.facebook.com\/KilkennyBand\/videos\/1119139301517955\/\" class=\"fb-xfbml-parse-ignore\"><p><a href=\"https:\/\/www.facebook.com\/KilkennyBand\/videos\/1119139301517955\/\">Black Is The Colour<\/a><\/p>\n<p>Am 4. Advent live in der St. Thomas Kirche in Bohmte!Nach dem Konzert ist vor dem Konzert! Wir haben letzte Woche schon wieder flei\u00dfig geprobt, denn zum Abschluss des Jahres veranstalten wir ein ganz besonderes Konzert: Am 18.Dezember (17 Uhr) spielen wir in der evangelischen Kirche in Bohmte ein Balladen-Programm mit zahlreichen Songs, die wir noch nie zuvor live gespielt haben! Au\u00dferdem werden wir f\u00fcr dieses Konzert von Hochzeitss\u00e4ngerin Julie Ann unterst\u00fctzt, die ebenfalls S\u00e4ngerin von The Blarney ist und schon mit zahlreichen Musicals aufgetreten ist. Hier haben wir schonmal eine kleine Kostprobe von unseren Proben. (Danke nochmal f\u00fcr den Kaffee, Julie! Ohne den w\u00e4re diese Probe zu so fr\u00fcher Uhrzeit \u00fcberhaupt nicht m\u00f6glich gewesen!)Karten gibt es im Vorverkauf f\u00fcr 10\u20ac (Abendkasse 14\u20ac)- im Gemeindehaus der St. Thomas Kirche- per E-Mail-Bestellung \u00fcber www.kilkenny-band.comObwohl wir vor lauter CD-Release noch gar nicht viel Werbung gemacht haben, l\u00e4uft der Vorverkauf bereits ziemlich gut und die Kirche hat uns sogar schon gefragt, was wir tuen wollen, wenn die 200 Pl\u00e4tze auf den B\u00e4nken voll sind. Also \u00fcberlegt nicht zu lange, es k\u00f6nnte tats\u00e4chlich passieren, dass das Konzert ausverkauft sein wird! Habt einen sch\u00f6nen 2. Advent!Jascha<\/p>\n<p>Gepostet von <a href=\"https:\/\/www.facebook.com\/KilkennyBand\/\">Kilkenny Band<\/a> am Sonntag, 4. Dezember 2016<\/p><\/blockquote>\n<\/div>\n<hr>\n<p><span style=\"font-family: Handlee; color: #800000;\"><strong><span style=\"font-size: 18pt;\">DJ Franky<\/span><\/strong><\/span><\/p>\n<p><img loading=\"lazy\" decoding=\"async\" class=\"alignnone size-full wp-image-2412\" src=\"https:\/\/Hochzeit.marjenau.de\/wp-content\/uploads\/2019\/09\/GR_1611.jpg\" alt=\"\" width=\"683\" height=\"1024\" srcset=\"https:\/\/Hochzeit.marjenau.de\/wp-content\/uploads\/2019\/09\/GR_1611.jpg 683w, https:\/\/Hochzeit.marjenau.de\/wp-content\/uploads\/2019\/09\/GR_1611-200x300.jpg 200w, https:\/\/Hochzeit.marjenau.de\/wp-content\/uploads\/2019\/09\/GR_1611-133x200.jpg 133w, https:\/\/Hochzeit.marjenau.de\/wp-content\/uploads\/2019\/09\/GR_1611-400x600.jpg 400w, https:\/\/Hochzeit.marjenau.de\/wp-content\/uploads\/2019\/09\/GR_1611-667x1000.jpg 667w\" sizes=\"auto, (max-width: 683px) 100vw, 683px\" \/><\/p>\n<p><span style=\"font-family: Handlee; font-size: 14pt; color: #800000;\">Franky ist ja schon fast unser Familien DJ &#8211; so viele Veranstaltung hat er schon mit uns gemacht! Und er schafft es immer wieder die Leute zu begeistern. Diesmal hat er es gemeistert sich auf ein recht schwieriges Publikum mit nicht gerade allt\u00e4glicher Musik einzuschie\u00dfen. Das war schon eine Herausforderung! Und ihm hat&#8217;s wohl auch gefallen: &#8222;Ich kauf&#8216; mir jetzt schwarze Klamotten &#8211; ihr seid alles so geil drauf!&#8220; <\/span><\/p>\n<p><span style=\"font-family: Handlee; font-size: 14pt; color: #800000;\"><strong>Danke Franky &#8211; es war mal wieder ein Genuss mit Dir!<\/strong><\/span><\/p>\n<p>&nbsp;<\/p>\n<p><span style=\"font-family: Handlee; font-size: 14pt; color: #800000;\">Wir freuen uns, dass dann noch zwei wirklich tolle Bands mit erstklassigen Musikern f\u00fcr uns gespielt haben<\/span><\/p>\n<p><strong><span style=\"color: #800000; font-family: Handlee; font-size: 18pt;\">Kilkenny Band<\/span> <\/strong><\/p>\n<p><a href=\"http:\/\/www.kilkenny-band.com\"><span style=\"font-family: Handlee;\"><span style=\"color: #0000ff;\"><span style=\"color: #000000;\">http:\/\/www.kilkenny-band.com &nbsp;<\/span><\/span><\/span><\/a><\/p>\n<p><span style=\"color: #000000;\"><a style=\"color: #000000;\" href=\"https:\/\/www.facebook.com\/KilkennyBand\/\"><span style=\"font-family: Handlee;\">https:\/\/www.facebook.com\/KilkennyBand\/<\/span><\/a><\/span><\/p>\n<p><span style=\"font-family: Handlee; font-size: 14pt; color: #800000;\">Danke Julie, Jascha und Raphael!<\/span><\/p>\n<p><strong><span style=\"font-family: Handlee; color: #800000; font-size: 18pt;\">Awake <\/span><\/strong><\/p>\n<p><a href=\"https:\/\/awake-band.jimdofree.com\/\"><span style=\"font-family: Handlee;\"><span style=\"color: #000000;\">https:\/\/awake-band.jimdofree.com\/<\/span><\/span><\/a><\/p>\n<p><a href=\"https:\/\/www.facebook.com\/awakeonline\/\"><span style=\"font-family: Handlee; color: #000000;\">https:\/\/www.facebook.com\/awakeonline\/<\/span><\/a><\/p>\n<p><span style=\"color: #800000; font-family: Handlee; font-size: 14pt;\">Danke Roland, Cornelius, Jens und Sven!<\/span><\/p>\n<p><span style=\"font-family: Handlee; color: #800000; font-size: 18pt;\">Besonderen Dank an Awake, dass sie uns tats\u00e4chlich unsere 2 Musikw\u00fcnsche erf\u00fcllt haben. Das war mit Sicherheit nicht einfach:<\/span><\/p>\n<p><span style=\"color: #000000; font-family: Handlee; font-size: 14pt;\">ASP &#8211; Ich komm dich hol&#8217;n (hier leider nur in der Akustik-Version)<\/span><\/p>\n<p><iframe loading=\"lazy\" title=\"ASP - Ich komm dich hol&#039;n (Acoustic Version)\" width=\"720\" height=\"540\" src=\"https:\/\/www.youtube.com\/embed\/zXdyXX9eB6k?feature=oembed\" frameborder=\"0\" allow=\"accelerometer; autoplay; encrypted-media; gyroscope; picture-in-picture\" allowfullscreen><\/iframe><\/p>\n<p><span style=\"font-family: Handlee; font-size: 14pt;\">Soen &#8211; Lotus<\/span><\/p>\n<p><iframe loading=\"lazy\" title=\"Soen - Lotus (Official Video)\" width=\"720\" height=\"405\" src=\"https:\/\/www.youtube.com\/embed\/qLSh0E0Rikc?feature=oembed\" frameborder=\"0\" allow=\"accelerometer; autoplay; encrypted-media; gyroscope; picture-in-picture\" allowfullscreen><\/iframe><\/p>\n<p>&nbsp;<\/p>\n","protected":false},"excerpt":{"rendered":"<p>&nbsp; Einzug Rainer : A Prayer for Sanctuary (Original von ASP), gek\u00fcrzt Einzug Sabine: Schutzengel (Original von Unheilig), gek\u00fcrzt und umarrangiert &nbsp;W\u00e4hrend der Trauung: Sven und Jens, begleitet von Roland und Cornelius &#8211; Tocatta for a wild old Lady (Peter Horton &amp; Sigi Schwab) Julie Ann, begleitet von Jascha und Raphael &#8211; Black is the&hellip;<\/p>\n","protected":false},"author":1,"featured_media":0,"parent":1799,"menu_order":0,"comment_status":"closed","ping_status":"closed","template":"","meta":{"footnotes":""},"class_list":["post-1701","page","type-page","status-publish","hentry"],"_links":{"self":[{"href":"https:\/\/Hochzeit.marjenau.de\/index.php\/wp-json\/wp\/v2\/pages\/1701","targetHints":{"allow":["GET"]}}],"collection":[{"href":"https:\/\/Hochzeit.marjenau.de\/index.php\/wp-json\/wp\/v2\/pages"}],"about":[{"href":"https:\/\/Hochzeit.marjenau.de\/index.php\/wp-json\/wp\/v2\/types\/page"}],"author":[{"embeddable":true,"href":"https:\/\/Hochzeit.marjenau.de\/index.php\/wp-json\/wp\/v2\/users\/1"}],"replies":[{"embeddable":true,"href":"https:\/\/Hochzeit.marjenau.de\/index.php\/wp-json\/wp\/v2\/comments?post=1701"}],"version-history":[{"count":11,"href":"https:\/\/Hochzeit.marjenau.de\/index.php\/wp-json\/wp\/v2\/pages\/1701\/revisions"}],"predecessor-version":[{"id":1741,"href":"https:\/\/Hochzeit.marjenau.de\/index.php\/wp-json\/wp\/v2\/pages\/1701\/revisions\/1741"}],"up":[{"embeddable":true,"href":"https:\/\/Hochzeit.marjenau.de\/index.php\/wp-json\/wp\/v2\/pages\/1799"}],"wp:attachment":[{"href":"https:\/\/Hochzeit.marjenau.de\/index.php\/wp-json\/wp\/v2\/media?parent=1701"}],"curies":[{"name":"wp","href":"https:\/\/api.w.org\/{rel}","templated":true}]}}