{"id":1688,"date":"2019-09-20T22:33:34","date_gmt":"2019-09-20T22:33:34","guid":{"rendered":"https:\/\/Hochzeit.marjenau.de\/?page_id=1688"},"modified":"2019-09-26T23:09:02","modified_gmt":"2019-09-26T23:09:02","slug":"rainers-rede","status":"publish","type":"page","link":"https:\/\/Hochzeit.marjenau.de\/index.php\/die-feier\/rainers-rede\/","title":{"rendered":"Rainers Rede"},"content":{"rendered":"<p><span style=\"font-size: 10pt; font-family: Handlee;\"><a href=\"https:\/\/Hochzeit.marjenau.de\/wp-content\/uploads\/2019\/09\/20190914-IMG_0556.jpg\"><img loading=\"lazy\" decoding=\"async\" class=\"size-full wp-image-2071 aligncenter\" src=\"https:\/\/Hochzeit.marjenau.de\/wp-content\/uploads\/2019\/09\/20190914-IMG_0556.jpg\" alt=\"\" width=\"600\" height=\"400\" srcset=\"https:\/\/Hochzeit.marjenau.de\/wp-content\/uploads\/2019\/09\/20190914-IMG_0556.jpg 600w, https:\/\/Hochzeit.marjenau.de\/wp-content\/uploads\/2019\/09\/20190914-IMG_0556-300x200.jpg 300w, https:\/\/Hochzeit.marjenau.de\/wp-content\/uploads\/2019\/09\/20190914-IMG_0556-200x133.jpg 200w\" sizes=\"auto, (max-width: 600px) 100vw, 600px\" \/><\/a><br \/>\n<span style=\"font-size: 12pt; color: #999999;\">Da ich die Rede frei aus dem Bauch herausgehalten habe und nur im Kopf hatte, was ich so ungef\u00e4hr sagen m\u00f6chte, hier der ungef\u00e4hre Wortlaut: <\/span><\/span><\/p>\n<p>&nbsp;<\/p>\n<p align=\"center\"><span style=\"color: #800000;\"><span style=\"font-family: Handlee;\"><span style=\"font-size: large;\">Liebe Leute&#8230;<\/span><\/span><\/span><\/p>\n<p align=\"center\"><span style=\"color: #800000;\"><span style=\"font-family: Handlee;\"><span style=\"font-size: large;\">ihr k\u00f6nnt euch das nicht vorstellen&#8230;Bine und ich sind so \u00fcberw\u00e4ltigt&#8230;so viele liebe Menschen , die hier sind um mit uns diesen Tag zu feiern\u2026 das ist f\u00fcr uns ein wirklich unbeschreibliches Gef\u00fchl. Ich w\u00fcrde es es schon fast episch nennen.<\/span><\/span><\/span><\/p>\n<p align=\"center\"><span style=\"color: #800000;\"><span style=\"font-family: Handlee;\"><span style=\"font-size: large;\">Doch nicht alle k\u00f6nnen hier sein, und es schmerzt uns sehr auf sie verzichten zu m\u00fcssen. Wir h\u00e4tten gerne unsere beiden V\u00e4ter Wolfgang und Klaus an unserer Seite gehabt. Wir h\u00e4tten so gerne mit Friedhelm, Martin und Thomas angesto\u00dfen. Wir vermissen euch&#8230;doch tief in unseren Herzen sind sie an diesem Tag bei uns und wir wissen auch, dass sie bestimmt nicht wollen, dass wir an diesem Tag trauern.<\/span><\/span><\/span><\/p>\n<p align=\"center\"><span style=\"color: #800000;\"><span style=\"font-family: Handlee;\"><span style=\"font-size: large;\">Als wir die Einladungen verschickt hatten, mussten wir doch einigen erkl\u00e4ren, was eine freie Trauung bedeutet. Meine liebe Mutter zum Beispiel hat mal wieder mit ihrer typisch direkten Art gesagt: \u201eWieso macht ihr das dann? Ich dachte ich kriege endlich &#8217;ne richtige Schwiegertochter!\u201c Das war so richtig frei Schnauze, das ich manchmal den Verdacht habe wir haben irgendwelche Wurzeln im Ruhrpott. So bist du nun mal&#8230;ehrlich, direkt und manchmal etwas schnell und un\u00fcberlegt. Aber genauso liebe ich dich und genauso sollst du auch sein. Und nat\u00fcrlich hast du dich mit uns gefreut und ich wei\u00df wie sehr du Sabine in dein Herz geschlossen hast. Und letztendlich bist du wohl froh deinen Sohn endlich unter der Haube zu haben.<\/span><\/span><\/span><\/p>\n<p align=\"center\"><span style=\"color: #800000;\"><span style=\"font-family: Handlee;\"><span style=\"font-size: large;\">Jemand den ich auch wirklich sehr sch\u00e4tze hat es eigentlich auf den Punkt gebracht: Cornelius. \u201eAch, das ist ohne Standesamt einfach nur f\u00fcr euch? Das nenn ich mal &#8217;n Statement.\u201c Und genau so ist es auch.<\/span><\/span><\/span><\/p>\n<p align=\"center\"><span style=\"color: #800000;\"><span style=\"font-family: Handlee;\"><span style=\"font-size: large;\">Wir heiraten aus dem einfachsten Grund der Welt: Aus Liebe! Wir sind weder an Konventionen noch an Glaubenszugeh\u00f6rigkeiten, amtliche Bestimmungen oder an ein \u201eDas haben wir schon immer so gemacht\u201c gebunden und das wollten wir nicht alleine durchziehen, sondern alle uns wichtigen Menschen dabei haben.<\/span><\/span><\/span><\/p>\n<p align=\"center\"><span style=\"color: #800000;\"><span style=\"font-family: Handlee;\"><span style=\"font-size: large;\">Ich habe vor 12 Jahren nicht nur eine wunderbare Frau bekommen, sondern mit &#8211; dir Jil &#8211; auch eine wundervolle Tochter und ich sage bewusst nicht \u201eStieftochter\u201c, den ich liebe dich wie meine eigene Tochter und mein eigenes Fleisch und Blut.<\/span><\/span><\/span><\/p>\n<p align=\"center\"><span style=\"color: #800000;\"><span style=\"font-family: Handlee;\"><span style=\"font-size: large;\">Auch wenn ich wegen dir so einige graue Haare bekam und diese auch noch immer weniger wurden, so haben du und deine Mutter mein Leben in einer Art und Weise bereichert, wie ich es mir nicht ertr\u00e4umt hatte.<\/span><\/span><\/span><\/p>\n<p align=\"center\"><span style=\"color: #800000;\"><span style=\"font-family: Handlee;\"><span style=\"font-size: large;\">Was habe ich mir am Anfang Gedanken gemacht, wie ich es erreichen kann, dass du mich akzeptierst. Und dann&#8230;ich wei\u00df es noch als w\u00e4re es gestern gewesen&#8230;schlenderten wir \u00fcber einen Flohmarkt und du hast dich zwischen uns geschoben, unsere H\u00e4nde ergriffen, bist in unser Mitte gegangen und hast somit dein Einverst\u00e4ndnis gegeben, dass ich zu euch geh\u00f6ren darf. Das werde ich nie vergessen. <\/span><\/span><\/span><\/p>\n<p align=\"center\"><span style=\"color: #800000;\"><span style=\"font-family: Handlee;\"><span style=\"font-size: large;\">Ich bin stolz auf dich, auf das was du erreicht hast und wie du dein Leben meisterst. Und ich wei\u00df jetzt schon, dass ich auch deinen n\u00e4chsten Umzug machen werde, f\u00fcr dich immer irgendetwas repariere, eine neue Waschmaschine bringe und immer f\u00fcr dich da sein werde, wenn du mich brauchst.<\/span><\/span><\/span><\/p>\n<p align=\"center\"><span style=\"color: #800000;\"><span style=\"font-family: Handlee;\"><span style=\"font-size: large;\">Da du die wichtigste Entscheidungen damals mitgepr\u00e4gt hast, ist es nur selbstverst\u00e4ndlich, dass du deine Mama zur Trauung begleitest und ihre Trauzeugin sein solltest.<\/span><\/span><\/span><\/p>\n<p align=\"center\"><span style=\"color: #800000;\"><span style=\"font-family: Handlee;\"><span style=\"font-size: large;\">Ich h\u00e4tte am liebsten mehrere Trauzeugen neben mir gehabt. Da w\u00e4re Volker, der nicht nur mir schon viele Jahre ein treuer Freund ist, sondern auch Bine ein treuer Freund geworden ist. Sven \u2013 mit dem ich so viele durchgeknallte Dinge durchgezogen habe und mit dem ich trotzdem so fundiert diskutieren kann. Meine liebe Freundin Petra&#8230;teilweise haben wir beide uns gesagt, dass es f\u00fcr uns einfach keinen richtigen Partner g\u00e4be. Und ich freue mich f\u00fcr dich, dass auch du mit Frank den richtigen Partner gefunden hast.<\/span><\/span><\/span><\/p>\n<p align=\"center\"><span style=\"color: #800000;\"><span style=\"font-family: Handlee;\"><span style=\"font-size: large;\">Letztendlich konnte es aber nur einer sein. Hans, du bist derjenige, der mich inzwischen am l\u00e4ngsten von allen begleitet hat. Mich immer noch am besten kennt und auf den ich mich immer verlassen kann. Auch wenn wir uns nicht so h\u00e4ufig sehen, ist es jedes mal als w\u00e4ren wir gestern zusammen gewesen. Meldet sich einer von uns f\u00fcr Wochen nicht, sind wir uns nie b\u00f6se und es hat noch nie Vorw\u00fcrfe deswegen gegeben. Ich kann mich auch an keinen richtigen Streit erinnern. Ich durfte damals dein Trauzeuge sein und nun bist du meiner geworden. Danke, dass du mein Freund bist. Und danke, dass du uns mit Steffi eine so liebe Freundin mitgegeben hast, ohne die wir den ganzen Aufbau und die Deko heute Morgen niemals geschafft h\u00e4tten. Ganz lieben Dank, Steffi!<\/span><\/span><\/span><\/p>\n<p align=\"center\"><span style=\"color: #800000;\"><span style=\"font-family: Handlee;\"><span style=\"font-size: large;\">Auch ein ganz tolles Dankesch\u00f6n an Jan und Tanita und Euer Team von der Parkvilla. Was ihr euch alles geduldig an W\u00fcnschen von uns angeh\u00f6rt habt und wie ihr mit eurer ruhigen Art uns auch oftmals ausgebremst habt, das war schon ganz toll. Wir wissen, dass ihr und euer tolles Team uns an diesem wundervollen Ort einen gro\u00dfartigen Tag erm\u00f6glichen werdet.<\/span><\/span><\/span><\/p>\n<p align=\"center\"><span style=\"color: #800000;\"><span style=\"font-family: Handlee;\"><span style=\"font-size: large;\">Ich k\u00f6nnte hier noch so viele von euch aufz\u00e4hlen:<\/span><\/span><\/span><\/p>\n<p align=\"center\"><span style=\"color: #800000;\"><span style=\"font-family: Handlee;\"><span style=\"font-size: large;\">Da ist zum Beispiel Gunther, der schon f\u00fcr Bine und Jil da war, als ich noch gar nichts von den beiden wusste und auch heute noch immer alles stehen und liegen lassen w\u00fcrde, um zur Stelle zu sein.<\/span><\/span><\/span><\/p>\n<p align=\"center\"><span style=\"color: #800000;\"><span style=\"font-family: Handlee;\"><span style=\"font-size: large;\">Meine Schwester Petra, bei der ich mich nie wirklich bedanken konnte, was sie schon fr\u00fcher alles f\u00fcr mich getan hat und die, obwohl sie Callas nicht mag, diesen unglaublich sch\u00f6nen Brautstrau\u00df gefertigt und die gesamten Blumendeko besorgt hat. Das kann nur meine Schwester.<\/span><\/span><\/span><\/p>\n<p align=\"center\"><span style=\"color: #800000;\"><span style=\"font-family: Handlee;\"><span style=\"font-size: large;\">Meine Schwester Doris, die den weiten Weg von N\u00fcrnberg gemacht hat, um heute hier zu sein. Da haben wir schon fast nicht mit gerechnet.<\/span><\/span><\/span><\/p>\n<p align=\"center\"><span style=\"color: #800000;\"><span style=\"font-family: Handlee;\"><span style=\"font-size: large;\">Sven, Jens, Cornelius und Roland, die sp\u00e4ter bestimmt noch extra f\u00fcr uns etwas spielen werden &#8211; da bin ich mir ziemlich sicher.<\/span><\/span><\/span><\/p>\n<p align=\"center\"><span style=\"color: #800000;\"><span style=\"font-family: Handlee;\"><span style=\"font-size: large;\">Julie \u2013 keine Ahnung. Wir sind weder verwandt noch irgendwie besonders verbandelt \u2013 Aber ich bin irgendwie immer stolz auf dich. Kann ich nicht erkl\u00e4ren. Danke f\u00fcr diesen emotionalen Moment bei Black is the colour.<\/span><\/span><\/span><\/p>\n<p align=\"center\"><span style=\"color: #800000;\"><span style=\"font-family: Handlee;\"><span style=\"font-size: large;\">Die Kilkenny Band, die es immer wieder schafft mich wehm\u00fctig an die alten Blarney-Zeiten zu erinnern.<\/span><\/span><\/span><\/p>\n<p align=\"center\"><span style=\"color: #800000;\"><span style=\"font-family: Handlee;\"><span style=\"font-size: large;\">Und vor allem du, lieber Mike! Als Bine vorgeschlagen hatte, dass du es sein solltest, der unsere Trauung vornimmt, habe ich gesagt: \u201eDas macht der niemals\u201c. Wie sch\u00f6n es doch sein kann zu irren. Du hast ohne zu z\u00f6gern sofort \u201eJa\u201c gesagt. Und wer, wenn nicht ein waschechter Goth, w\u00e4re besser daf\u00fcr geeignet uns zu trauen. Ein ganze dickes \u201eDankesch\u00f6n\u201c von ganzem Herzen \u2013 das werden wir dir nie vergessen. Unser Kennenlernen stand unter keinem guten Stern, da wir \u00fcber dich ziemlich schlechte und falsche Dinge geh\u00f6rt hatten. Sch\u00f6n, dass wir dich noch richtig kennenlernen durften &#8211; einen der liebsten Menschen \u00fcberhaupt. Und auch ganz lieben Dank an Ina, die dich bei der Vorbereitung so toll unterst\u00fctzt hat.&nbsp; Sie hat wahrscheinlich eine Menge aushalten m\u00fcssen.<\/span><\/span><\/span><\/p>\n<p align=\"center\"><span style=\"color: #800000;\"><span style=\"font-family: Handlee;\"><span style=\"font-size: large;\">Und ihr alle zusammen &#8211; ihr alle macht diesen Tag erst wirklich so richtig komplett und wir danken euch daf\u00fcr, dass ihr uns eure Zeit schenkt.<\/span><\/span><\/span><\/p>\n<p align=\"center\"><span style=\"color: #800000;\"><span style=\"font-family: Handlee;\"><span style=\"font-size: large;\">F\u00fcr uns ist das hier nicht einfach nur eine Gemeinschaft&#8230;wir alle zusammen &#8211; wir sind Familie.<\/span><\/span><\/span><\/p>\n<p align=\"center\"><span style=\"font-size: large;\"><span style=\"color: #800000;\"><span style=\"font-family: Handlee;\">Bevor ich euch aber nun endlich von meinem emotionalen Geschwafel befreie: <\/span><\/span><span style=\"color: #800000;\"><span style=\"font-family: Handlee;\">W<\/span><\/span><span style=\"color: #800000;\"><span style=\"font-family: Handlee;\">ir<\/span><\/span> <span style=\"color: #800000;\"><span style=\"font-family: Handlee;\">w\u00fcrden uns freuen, wenn ihr ein paar Worte f\u00fcr unser G\u00e4stebuch finden w\u00fcrdet, viele bekloppte Fotos an der Fotobox schie\u00dfen und vielleicht die Digitalkameras, die auf den Tischen liegen benutzen w\u00fcrdet.<\/span><\/span><\/span><\/p>\n<p align=\"center\"><span style=\"color: #800000;\"><span style=\"font-family: Handlee;\"><span style=\"font-size: large;\">Wir erheben unser Glas auf euch. Sch\u00f6n das ihr, dass seid!<\/span><\/span><\/span><\/p>\n<p>&nbsp;<\/p>\n","protected":false},"excerpt":{"rendered":"<p>Da ich die Rede frei aus dem Bauch herausgehalten habe und nur im Kopf hatte, was ich so ungef\u00e4hr sagen m\u00f6chte, hier der ungef\u00e4hre Wortlaut: &nbsp; Liebe Leute&#8230; ihr k\u00f6nnt euch das nicht vorstellen&#8230;Bine und ich sind so \u00fcberw\u00e4ltigt&#8230;so viele liebe Menschen , die hier sind um mit uns diesen Tag zu feiern\u2026 das ist&hellip;<\/p>\n","protected":false},"author":1,"featured_media":0,"parent":1799,"menu_order":0,"comment_status":"closed","ping_status":"closed","template":"","meta":{"footnotes":""},"class_list":["post-1688","page","type-page","status-publish","hentry"],"_links":{"self":[{"href":"https:\/\/Hochzeit.marjenau.de\/index.php\/wp-json\/wp\/v2\/pages\/1688","targetHints":{"allow":["GET"]}}],"collection":[{"href":"https:\/\/Hochzeit.marjenau.de\/index.php\/wp-json\/wp\/v2\/pages"}],"about":[{"href":"https:\/\/Hochzeit.marjenau.de\/index.php\/wp-json\/wp\/v2\/types\/page"}],"author":[{"embeddable":true,"href":"https:\/\/Hochzeit.marjenau.de\/index.php\/wp-json\/wp\/v2\/users\/1"}],"replies":[{"embeddable":true,"href":"https:\/\/Hochzeit.marjenau.de\/index.php\/wp-json\/wp\/v2\/comments?post=1688"}],"version-history":[{"count":9,"href":"https:\/\/Hochzeit.marjenau.de\/index.php\/wp-json\/wp\/v2\/pages\/1688\/revisions"}],"predecessor-version":[{"id":3344,"href":"https:\/\/Hochzeit.marjenau.de\/index.php\/wp-json\/wp\/v2\/pages\/1688\/revisions\/3344"}],"up":[{"embeddable":true,"href":"https:\/\/Hochzeit.marjenau.de\/index.php\/wp-json\/wp\/v2\/pages\/1799"}],"wp:attachment":[{"href":"https:\/\/Hochzeit.marjenau.de\/index.php\/wp-json\/wp\/v2\/media?parent=1688"}],"curies":[{"name":"wp","href":"https:\/\/api.w.org\/{rel}","templated":true}]}}